{"id":1700,"date":"2025-01-07T14:25:27","date_gmt":"2025-01-07T13:25:27","guid":{"rendered":"https:\/\/electricpablos.com\/aerotermia\/"},"modified":"2025-04-14T10:22:52","modified_gmt":"2025-04-14T08:22:52","slug":"aerotermia","status":"publish","type":"page","link":"https:\/\/electricpablos.com\/ca\/serveis\/aerotermia\/","title":{"rendered":"Aerot\u00e8rmia"},"content":{"rendered":"\t\t<div data-elementor-type=\"wp-page\" data-elementor-id=\"1700\" class=\"elementor elementor-1700 elementor-833\">\n\t\t\t\t\t\t<section class=\"elementor-section elementor-top-section elementor-element elementor-element-3ad6ac55 elementor-section-boxed elementor-section-height-default elementor-section-height-default wpr-particle-no wpr-jarallax-no wpr-parallax-no wpr-sticky-section-no\" data-id=\"3ad6ac55\" data-element_type=\"section\" data-e-type=\"section\">\n\t\t\t\t\t\t<div class=\"elementor-container elementor-column-gap-extended\">\n\t\t\t\t\t<div class=\"elementor-column elementor-col-50 elementor-top-column elementor-element elementor-element-5ed63603\" data-id=\"5ed63603\" data-element_type=\"column\" data-e-type=\"column\">\n\t\t\t<div class=\"elementor-widget-wrap elementor-element-populated\">\n\t\t\t\t\t\t<div class=\"elementor-element elementor-element-6fa4c0f0 elementor-widget elementor-widget-heading\" data-id=\"6fa4c0f0\" data-element_type=\"widget\" data-e-type=\"widget\" data-widget_type=\"heading.default\">\n\t\t\t\t<div class=\"elementor-widget-container\">\n\t\t\t\t\t<h2 class=\"elementor-heading-title elementor-size-default\">Aerot\u00e8rmia: Energia neta i Eficient per a la teva Llar<\/h2>\t\t\t\t<\/div>\n\t\t\t\t<\/div>\n\t\t\t\t<div class=\"elementor-element elementor-element-2037e2f6 elementor-widget elementor-widget-text-editor\" data-id=\"2037e2f6\" data-element_type=\"widget\" data-e-type=\"widget\" data-widget_type=\"text-editor.default\">\n\t\t\t\t<div class=\"elementor-widget-container\">\n\t\t\t\t\t\t\t\t\t<p>L&#8217;<strong>aerot\u00e8rmia<\/strong> \u00e9s una tecnologia innovadora i sostenible que utilitza fins a un 77% d&#8217;energia ambiental gratu\u00efta extreta de l&#8217;aire. Aquest sistema de bomba de calor de darrera generaci\u00f3 est\u00e0 dissenyat per proporcionar: <\/p><ul><li>Refrigeraci\u00f3 a l&#8217;estiu.<\/li><li>Calefacci\u00f3 a l&#8217;hivern.<\/li><li>Aigua calenta sanit\u00e0ria (ACS) durant tot l&#8217;any.<\/li><\/ul><p>A trav\u00e9s del <strong>cicle termodin\u00e0mic<\/strong>, els sistemes d&#8217;aerot\u00e8rmia capturen l&#8217;energia continguda a l&#8217;aire, fins i tot en temperatures sota zero, i la transfereixen a l&#8217;interior de l&#8217;habitatge o l&#8217;aigua corrent. Aquest proc\u00e9s es realitza mitjan\u00e7ant radiadors, terra radiant o fan coils, garantint el m\u00e0xim confort amb un consum energ\u00e8tic m\u00ednim. <\/p>\t\t\t\t\t\t\t\t<\/div>\n\t\t\t\t<\/div>\n\t\t\t\t\t<\/div>\n\t\t<\/div>\n\t\t\t\t<div class=\"elementor-column elementor-col-50 elementor-top-column elementor-element elementor-element-33e8c85d\" data-id=\"33e8c85d\" data-element_type=\"column\" data-e-type=\"column\">\n\t\t\t<div class=\"elementor-widget-wrap elementor-element-populated\">\n\t\t\t\t\t\t<div class=\"elementor-element elementor-element-5460a374 elementor-widget elementor-widget-image\" data-id=\"5460a374\" data-element_type=\"widget\" data-e-type=\"widget\" data-widget_type=\"image.default\">\n\t\t\t\t<div class=\"elementor-widget-container\">\n\t\t\t\t\t\t\t\t\t\t\t\t\t\t\t<img fetchpriority=\"high\" decoding=\"async\" width=\"1080\" height=\"719\" src=\"https:\/\/electricpablos.com\/wp-content\/uploads\/2025\/01\/aerotermia-01.jpg\" class=\"attachment-large size-large wp-image-1312\" alt=\"Aerotermia\" srcset=\"https:\/\/electricpablos.com\/wp-content\/uploads\/2025\/01\/aerotermia-01.jpg 1080w, https:\/\/electricpablos.com\/wp-content\/uploads\/2025\/01\/aerotermia-01-768x511.jpg 768w\" sizes=\"(max-width: 1080px) 100vw, 1080px\" \/>\t\t\t\t\t\t\t\t\t\t\t\t\t\t\t<\/div>\n\t\t\t\t<\/div>\n\t\t\t\t\t<\/div>\n\t\t<\/div>\n\t\t\t\t\t<\/div>\n\t\t<\/section>\n\t\t\t\t<section class=\"elementor-section elementor-top-section elementor-element elementor-element-5704730b elementor-section-boxed elementor-section-height-default elementor-section-height-default wpr-particle-no wpr-jarallax-no wpr-parallax-no wpr-sticky-section-no\" data-id=\"5704730b\" data-element_type=\"section\" data-e-type=\"section\" data-settings=\"{&quot;background_background&quot;:&quot;classic&quot;}\">\n\t\t\t\t\t\t<div class=\"elementor-container elementor-column-gap-extended\">\n\t\t\t\t\t<div class=\"elementor-column elementor-col-100 elementor-top-column elementor-element elementor-element-32e6a78\" data-id=\"32e6a78\" data-element_type=\"column\" data-e-type=\"column\">\n\t\t\t<div class=\"elementor-widget-wrap elementor-element-populated\">\n\t\t\t\t\t\t<div class=\"elementor-element elementor-element-7292e6ae elementor-widget elementor-widget-heading\" data-id=\"7292e6ae\" data-element_type=\"widget\" data-e-type=\"widget\" data-widget_type=\"heading.default\">\n\t\t\t\t<div class=\"elementor-widget-container\">\n\t\t\t\t\t<h2 class=\"elementor-heading-title elementor-size-default\">Avantatges de l'Aerot\u00e8rmia<\/h2>\t\t\t\t<\/div>\n\t\t\t\t<\/div>\n\t\t\t\t<div class=\"elementor-element elementor-element-36650a77 elementor-widget elementor-widget-text-editor\" data-id=\"36650a77\" data-element_type=\"widget\" data-e-type=\"widget\" data-widget_type=\"text-editor.default\">\n\t\t\t\t<div class=\"elementor-widget-container\">\n\t\t\t\t\t\t\t\t\t<ul><li><strong>Alta efici\u00e8ncia energ\u00e8tica. <\/strong>Consumeix menys energia que els sistemes tradicionals, reduint significativament la factura mensual.<\/li><li><strong>Energia renovable i sostenible. <\/strong>Classificada com una energia neta segons el Codi T\u00e8cnic de l&#8217;Edificaci\u00f3 (CTE) i avalada per la Uni\u00f3 Europea com a tecnologia sostenible.<\/li><li><strong>Baix manteniment. <\/strong>Funciona com un electrodom\u00e8stic m\u00e9s, sense necessitat de revisions complexes ni costosos manteniments.<\/li><li><strong>Sense combusti\u00f3 ni emissions. <\/strong>En no utilitzar caldera, no genera fum ni residus, i \u00e9s m\u00e9s segura i respectuosa amb el medi ambient.<\/li><li><strong>Independ\u00e8ncia energ\u00e8tica.<br><\/strong>Permet que tot l&#8217;habitatge funcioni exclusivament amb electricitat, eliminant la necessitat de contractar gas o combustible.<\/li><li><strong>Versatilitat en instal\u00b7laci\u00f3 i \u00fas.<br><\/strong>Compatible amb sistemes de radiadors tradicionals, terra radiant i bombes de calor. Podeu proporcionar aire condicionat a l&#8217;estiu i aigua calenta de baix cost durant tot l&#8217;any. <\/li><li><strong>Instal\u00b7laci\u00f3 senzilla i eficient.<br><\/strong>La instal\u00b7laci\u00f3 \u00e9s m\u00e9s r\u00e0pida i econ\u00f2mica en comparaci\u00f3 amb sistemes basats en energies no renovables.<\/li><li><strong>Funcionament silenci\u00f3s.<br><\/strong>Els sistemes d&#8217;aerot\u00e8rmia ofereixen un funcionament gaireb\u00e9 imperceptible tant a l&#8217;interior com a l&#8217;exterior.<\/li><li><strong>La calefacci\u00f3 amb menys consum energ\u00e8tic.<br><\/strong>Gr\u00e0cies a la seva efici\u00e8ncia, l&#8217;aerot\u00e8rmia \u00e9s una de les opcions m\u00e9s rendibles i ecol\u00f2giques del mercat.<\/li><\/ul>\t\t\t\t\t\t\t\t<\/div>\n\t\t\t\t<\/div>\n\t\t\t\t\t<\/div>\n\t\t<\/div>\n\t\t\t\t\t<\/div>\n\t\t<\/section>\n\t\t\t\t<section class=\"elementor-section elementor-top-section elementor-element elementor-element-ded0a3c elementor-section-boxed elementor-section-height-default elementor-section-height-default wpr-particle-no wpr-jarallax-no wpr-parallax-no wpr-sticky-section-no\" data-id=\"ded0a3c\" data-element_type=\"section\" data-e-type=\"section\" data-settings=\"{&quot;background_background&quot;:&quot;classic&quot;}\">\n\t\t\t\t\t\t<div class=\"elementor-container elementor-column-gap-extended\">\n\t\t\t\t\t<div class=\"elementor-column elementor-col-50 elementor-top-column elementor-element elementor-element-487cd842\" data-id=\"487cd842\" data-element_type=\"column\" data-e-type=\"column\">\n\t\t\t<div class=\"elementor-widget-wrap\">\n\t\t\t\t\t\t\t<\/div>\n\t\t<\/div>\n\t\t\t\t<div class=\"elementor-column elementor-col-50 elementor-top-column elementor-element elementor-element-45a094f4\" data-id=\"45a094f4\" data-element_type=\"column\" data-e-type=\"column\">\n\t\t\t<div class=\"elementor-widget-wrap\">\n\t\t\t\t\t\t\t<\/div>\n\t\t<\/div>\n\t\t\t\t\t<\/div>\n\t\t<\/section>\n\t\t\t\t<section class=\"elementor-section elementor-top-section elementor-element elementor-element-190d5108 elementor-section-boxed elementor-section-height-default elementor-section-height-default wpr-particle-no wpr-jarallax-no wpr-parallax-no wpr-sticky-section-no\" data-id=\"190d5108\" data-element_type=\"section\" data-e-type=\"section\">\n\t\t\t\t\t\t<div class=\"elementor-container elementor-column-gap-extended\">\n\t\t\t\t\t<div class=\"elementor-column elementor-col-50 elementor-top-column elementor-element elementor-element-3fb7bc2\" data-id=\"3fb7bc2\" data-element_type=\"column\" data-e-type=\"column\">\n\t\t\t<div class=\"elementor-widget-wrap elementor-element-populated\">\n\t\t\t\t\t\t<div class=\"elementor-element elementor-element-b1bac2d elementor-widget elementor-widget-heading\" data-id=\"b1bac2d\" data-element_type=\"widget\" data-e-type=\"widget\" data-widget_type=\"heading.default\">\n\t\t\t\t<div class=\"elementor-widget-container\">\n\t\t\t\t\t<h3 class=\"elementor-heading-title elementor-size-default\">Per qu\u00e8 triar Aerot\u00e8rmia?<\/h3>\t\t\t\t<\/div>\n\t\t\t\t<\/div>\n\t\t\t\t<div class=\"elementor-element elementor-element-a081b49 elementor-widget elementor-widget-text-editor\" data-id=\"a081b49\" data-element_type=\"widget\" data-e-type=\"widget\" data-widget_type=\"text-editor.default\">\n\t\t\t\t<div class=\"elementor-widget-container\">\n\t\t\t\t\t\t\t\t\t<p>L&#8217;<strong>aerot\u00e8rmia<\/strong> no nom\u00e9s garanteix una <strong>llar confortable<\/strong> durant tot l&#8217;any, sin\u00f3 que tamb\u00e9 contribueix a reduir l&#8217;impacte ambiental en utilitzar una font d&#8217;energia renovable.<\/p><p>\u00c9s ideal per a habitatges, locals comercials i projectes que busquen un equilibri entre efici\u00e8ncia energ\u00e8tica, sostenibilitat i estalvi econ\u00f2mic.<\/p>\t\t\t\t\t\t\t\t<\/div>\n\t\t\t\t<\/div>\n\t\t\t\t<div class=\"elementor-element elementor-element-08f7760 elementor-widget elementor-widget-text-editor\" data-id=\"08f7760\" data-element_type=\"widget\" data-e-type=\"widget\" data-widget_type=\"text-editor.default\">\n\t\t\t\t<div class=\"elementor-widget-container\">\n\t\t\t\t\t\t\t\t\t<p><strong>Descobreix com l&#8217;aerot\u00e8rmia pot transformar casa teva. Contacta&#8217;ns per a m\u00e9s informaci\u00f3 i pressupost sense comprom\u00eds. <\/strong><\/p>\t\t\t\t\t\t\t\t<\/div>\n\t\t\t\t<\/div>\n\t\t\t\t\t<\/div>\n\t\t<\/div>\n\t\t\t\t<div class=\"elementor-column elementor-col-50 elementor-top-column elementor-element elementor-element-9fd1e67\" data-id=\"9fd1e67\" data-element_type=\"column\" data-e-type=\"column\">\n\t\t\t<div class=\"elementor-widget-wrap elementor-element-populated\">\n\t\t\t\t\t\t<div class=\"elementor-element elementor-element-43b43f2 elementor-widget elementor-widget-image\" data-id=\"43b43f2\" data-element_type=\"widget\" data-e-type=\"widget\" data-widget_type=\"image.default\">\n\t\t\t\t<div class=\"elementor-widget-container\">\n\t\t\t\t\t\t\t\t\t\t\t\t\t\t\t<img decoding=\"async\" width=\"1080\" height=\"1080\" src=\"https:\/\/electricpablos.com\/wp-content\/uploads\/2025\/01\/386254857_.jpg\" class=\"attachment-large size-large wp-image-960\" alt=\"aerotermia\" srcset=\"https:\/\/electricpablos.com\/wp-content\/uploads\/2025\/01\/386254857_.jpg 1080w, https:\/\/electricpablos.com\/wp-content\/uploads\/2025\/01\/386254857_-768x768.jpg 768w\" sizes=\"(max-width: 1080px) 100vw, 1080px\" \/>\t\t\t\t\t\t\t\t\t\t\t\t\t\t\t<\/div>\n\t\t\t\t<\/div>\n\t\t\t\t\t<\/div>\n\t\t<\/div>\n\t\t\t\t\t<\/div>\n\t\t<\/section>\n\t\t\t\t<\/div>\n\t\t","protected":false},"excerpt":{"rendered":"<p>Aerot\u00e8rmia: Energia neta i Eficient per a la teva Llar L&#8217;aerot\u00e8rmia \u00e9s una tecnologia innovadora i sostenible que utilitza fins<\/p>\n","protected":false},"author":1,"featured_media":193,"parent":1702,"menu_order":0,"comment_status":"closed","ping_status":"closed","template":"","meta":{"_monsterinsights_skip_tracking":false,"_monsterinsights_sitenote_active":false,"_monsterinsights_sitenote_note":"","_monsterinsights_sitenote_category":0,"site-sidebar-layout":"no-sidebar","site-content-layout":"","ast-site-content-layout":"full-width-container","site-content-style":"default","site-sidebar-style":"default","ast-global-header-display":"","ast-banner-title-visibility":"","ast-main-header-display":"","ast-hfb-above-header-display":"","ast-hfb-below-header-display":"","ast-hfb-mobile-header-display":"","site-post-title":"disabled","ast-breadcrumbs-content":"","ast-featured-img":"disabled","footer-sml-layout":"","ast-disable-related-posts":"","theme-transparent-header-meta":"default","adv-header-id-meta":"694","stick-header-meta":"default","header-above-stick-meta":"","header-main-stick-meta":"","header-below-stick-meta":"","astra-migrate-meta-layouts":"default","ast-page-background-enabled":"default","ast-page-background-meta":{"desktop":{"background-color":"var(--ast-global-color-4)","background-image":"","background-repeat":"repeat","background-position":"center center","background-size":"auto","background-attachment":"scroll","background-type":"","background-media":"","overlay-type":"","overlay-color":"","overlay-opacity":"","overlay-gradient":""},"tablet":{"background-color":"","background-image":"","background-repeat":"repeat","background-position":"center center","background-size":"auto","background-attachment":"scroll","background-type":"","background-media":"","overlay-type":"","overlay-color":"","overlay-opacity":"","overlay-gradient":""},"mobile":{"background-color":"","background-image":"","background-repeat":"repeat","background-position":"center center","background-size":"auto","background-attachment":"scroll","background-type":"","background-media":"","overlay-type":"","overlay-color":"","overlay-opacity":"","overlay-gradient":""}},"ast-content-background-meta":{"desktop":{"background-color":"var(--ast-global-color-5)","background-image":"","background-repeat":"repeat","background-position":"center center","background-size":"auto","background-attachment":"scroll","background-type":"","background-media":"","overlay-type":"","overlay-color":"","overlay-opacity":"","overlay-gradient":""},"tablet":{"background-color":"var(--ast-global-color-5)","background-image":"","background-repeat":"repeat","background-position":"center center","background-size":"auto","background-attachment":"scroll","background-type":"","background-media":"","overlay-type":"","overlay-color":"","overlay-opacity":"","overlay-gradient":""},"mobile":{"background-color":"var(--ast-global-color-5)","background-image":"","background-repeat":"repeat","background-position":"center center","background-size":"auto","background-attachment":"scroll","background-type":"","background-media":"","overlay-type":"","overlay-color":"","overlay-opacity":"","overlay-gradient":""}},"footnotes":""},"class_list":["post-1700","page","type-page","status-publish","has-post-thumbnail","hentry"],"yoast_head":"<!-- This site is optimized with the Yoast SEO plugin v27.2 - https:\/\/yoast.com\/product\/yoast-seo-wordpress\/ -->\n<title>Aerot\u00e8rmia - Electric Pablos<\/title>\n<meta name=\"robots\" content=\"index, follow, max-snippet:-1, max-image-preview:large, max-video-preview:-1\" \/>\n<link rel=\"canonical\" href=\"https:\/\/electricpablos.com\/ca\/serveis\/aerotermia\/\" \/>\n<meta property=\"og:locale\" content=\"ca_ES\" \/>\n<meta property=\"og:type\" content=\"article\" \/>\n<meta property=\"og:title\" content=\"Aerot\u00e8rmia - Electric Pablos\" \/>\n<meta property=\"og:description\" content=\"Aerot\u00e8rmia: Energia neta i Eficient per a la teva Llar L&#8217;aerot\u00e8rmia \u00e9s una tecnologia innovadora i sostenible que utilitza fins\" \/>\n<meta property=\"og:url\" content=\"https:\/\/electricpablos.com\/ca\/serveis\/aerotermia\/\" \/>\n<meta property=\"og:site_name\" content=\"Electric Pablos\" \/>\n<meta property=\"article:publisher\" content=\"https:\/\/www.facebook.com\/electricpablos\" \/>\n<meta property=\"article:modified_time\" content=\"2025-04-14T08:22:52+00:00\" \/>\n<meta property=\"og:image\" content=\"https:\/\/electricpablos.com\/wp-content\/uploads\/2025\/01\/portada-4.jpg\" \/>\n\t<meta property=\"og:image:width\" content=\"1500\" \/>\n\t<meta property=\"og:image:height\" content=\"1000\" \/>\n\t<meta property=\"og:image:type\" content=\"image\/jpeg\" \/>\n<meta name=\"twitter:card\" content=\"summary_large_image\" \/>\n<meta name=\"twitter:label1\" content=\"Temps estimat de lectura\" \/>\n\t<meta name=\"twitter:data1\" content=\"2 minuts\" \/>\n<script type=\"application\/ld+json\" class=\"yoast-schema-graph\">{\"@context\":\"https:\/\/schema.org\",\"@graph\":[{\"@type\":\"WebPage\",\"@id\":\"https:\/\/electricpablos.com\/ca\/serveis\/aerotermia\/\",\"url\":\"https:\/\/electricpablos.com\/ca\/serveis\/aerotermia\/\",\"name\":\"Aerot\u00e8rmia - Electric Pablos\",\"isPartOf\":{\"@id\":\"https:\/\/electricpablos.com\/#website\"},\"primaryImageOfPage\":{\"@id\":\"https:\/\/electricpablos.com\/ca\/serveis\/aerotermia\/#primaryimage\"},\"image\":{\"@id\":\"https:\/\/electricpablos.com\/ca\/serveis\/aerotermia\/#primaryimage\"},\"thumbnailUrl\":\"https:\/\/electricpablos.com\/wp-content\/uploads\/2025\/01\/portada-4.jpg\",\"datePublished\":\"2025-01-07T13:25:27+00:00\",\"dateModified\":\"2025-04-14T08:22:52+00:00\",\"breadcrumb\":{\"@id\":\"https:\/\/electricpablos.com\/ca\/serveis\/aerotermia\/#breadcrumb\"},\"inLanguage\":\"ca\",\"potentialAction\":[{\"@type\":\"ReadAction\",\"target\":[\"https:\/\/electricpablos.com\/ca\/serveis\/aerotermia\/\"]}]},{\"@type\":\"ImageObject\",\"inLanguage\":\"ca\",\"@id\":\"https:\/\/electricpablos.com\/ca\/serveis\/aerotermia\/#primaryimage\",\"url\":\"https:\/\/electricpablos.com\/wp-content\/uploads\/2025\/01\/portada-4.jpg\",\"contentUrl\":\"https:\/\/electricpablos.com\/wp-content\/uploads\/2025\/01\/portada-4.jpg\",\"width\":1500,\"height\":1000,\"caption\":\"Climatizaci\u00f3n y Calefacci\u00f3n a Medida\"},{\"@type\":\"BreadcrumbList\",\"@id\":\"https:\/\/electricpablos.com\/ca\/serveis\/aerotermia\/#breadcrumb\",\"itemListElement\":[{\"@type\":\"ListItem\",\"position\":1,\"name\":\"Portada\",\"item\":\"https:\/\/electricpablos.com\/ca\/\"},{\"@type\":\"ListItem\",\"position\":2,\"name\":\"Serveis\",\"item\":\"https:\/\/electricpablos.com\/ca\/serveis\/\"},{\"@type\":\"ListItem\",\"position\":3,\"name\":\"Aerot\u00e8rmia\"}]},{\"@type\":\"WebSite\",\"@id\":\"https:\/\/electricpablos.com\/#website\",\"url\":\"https:\/\/electricpablos.com\/\",\"name\":\"Electric Pablos SL\",\"description\":\"\",\"publisher\":{\"@id\":\"https:\/\/electricpablos.com\/#organization\"},\"potentialAction\":[{\"@type\":\"SearchAction\",\"target\":{\"@type\":\"EntryPoint\",\"urlTemplate\":\"https:\/\/electricpablos.com\/?s={search_term_string}\"},\"query-input\":{\"@type\":\"PropertyValueSpecification\",\"valueRequired\":true,\"valueName\":\"search_term_string\"}}],\"inLanguage\":\"ca\"},{\"@type\":\"Organization\",\"@id\":\"https:\/\/electricpablos.com\/#organization\",\"name\":\"Electric Pablos SL\",\"url\":\"https:\/\/electricpablos.com\/\",\"logo\":{\"@type\":\"ImageObject\",\"inLanguage\":\"ca\",\"@id\":\"https:\/\/electricpablos.com\/#\/schema\/logo\/image\/\",\"url\":\"https:\/\/electricpablos.com\/wp-content\/uploads\/2024\/11\/logo.png\",\"contentUrl\":\"https:\/\/electricpablos.com\/wp-content\/uploads\/2024\/11\/logo.png\",\"width\":500,\"height\":370,\"caption\":\"Electric Pablos SL\"},\"image\":{\"@id\":\"https:\/\/electricpablos.com\/#\/schema\/logo\/image\/\"},\"sameAs\":[\"https:\/\/www.facebook.com\/electricpablos\",\"https:\/\/www.instagram.com\/electric_pablos_s.l\/\"]}]}<\/script>\n<!-- \/ Yoast SEO plugin. -->","yoast_head_json":{"title":"Aerot\u00e8rmia - Electric Pablos","robots":{"index":"index","follow":"follow","max-snippet":"max-snippet:-1","max-image-preview":"max-image-preview:large","max-video-preview":"max-video-preview:-1"},"canonical":"https:\/\/electricpablos.com\/ca\/serveis\/aerotermia\/","og_locale":"ca_ES","og_type":"article","og_title":"Aerot\u00e8rmia - Electric Pablos","og_description":"Aerot\u00e8rmia: Energia neta i Eficient per a la teva Llar L&#8217;aerot\u00e8rmia \u00e9s una tecnologia innovadora i sostenible que utilitza fins","og_url":"https:\/\/electricpablos.com\/ca\/serveis\/aerotermia\/","og_site_name":"Electric Pablos","article_publisher":"https:\/\/www.facebook.com\/electricpablos","article_modified_time":"2025-04-14T08:22:52+00:00","og_image":[{"width":1500,"height":1000,"url":"https:\/\/electricpablos.com\/wp-content\/uploads\/2025\/01\/portada-4.jpg","type":"image\/jpeg"}],"twitter_card":"summary_large_image","twitter_misc":{"Temps estimat de lectura":"2 minuts"},"schema":{"@context":"https:\/\/schema.org","@graph":[{"@type":"WebPage","@id":"https:\/\/electricpablos.com\/ca\/serveis\/aerotermia\/","url":"https:\/\/electricpablos.com\/ca\/serveis\/aerotermia\/","name":"Aerot\u00e8rmia - Electric Pablos","isPartOf":{"@id":"https:\/\/electricpablos.com\/#website"},"primaryImageOfPage":{"@id":"https:\/\/electricpablos.com\/ca\/serveis\/aerotermia\/#primaryimage"},"image":{"@id":"https:\/\/electricpablos.com\/ca\/serveis\/aerotermia\/#primaryimage"},"thumbnailUrl":"https:\/\/electricpablos.com\/wp-content\/uploads\/2025\/01\/portada-4.jpg","datePublished":"2025-01-07T13:25:27+00:00","dateModified":"2025-04-14T08:22:52+00:00","breadcrumb":{"@id":"https:\/\/electricpablos.com\/ca\/serveis\/aerotermia\/#breadcrumb"},"inLanguage":"ca","potentialAction":[{"@type":"ReadAction","target":["https:\/\/electricpablos.com\/ca\/serveis\/aerotermia\/"]}]},{"@type":"ImageObject","inLanguage":"ca","@id":"https:\/\/electricpablos.com\/ca\/serveis\/aerotermia\/#primaryimage","url":"https:\/\/electricpablos.com\/wp-content\/uploads\/2025\/01\/portada-4.jpg","contentUrl":"https:\/\/electricpablos.com\/wp-content\/uploads\/2025\/01\/portada-4.jpg","width":1500,"height":1000,"caption":"Climatizaci\u00f3n y Calefacci\u00f3n a Medida"},{"@type":"BreadcrumbList","@id":"https:\/\/electricpablos.com\/ca\/serveis\/aerotermia\/#breadcrumb","itemListElement":[{"@type":"ListItem","position":1,"name":"Portada","item":"https:\/\/electricpablos.com\/ca\/"},{"@type":"ListItem","position":2,"name":"Serveis","item":"https:\/\/electricpablos.com\/ca\/serveis\/"},{"@type":"ListItem","position":3,"name":"Aerot\u00e8rmia"}]},{"@type":"WebSite","@id":"https:\/\/electricpablos.com\/#website","url":"https:\/\/electricpablos.com\/","name":"Electric Pablos SL","description":"","publisher":{"@id":"https:\/\/electricpablos.com\/#organization"},"potentialAction":[{"@type":"SearchAction","target":{"@type":"EntryPoint","urlTemplate":"https:\/\/electricpablos.com\/?s={search_term_string}"},"query-input":{"@type":"PropertyValueSpecification","valueRequired":true,"valueName":"search_term_string"}}],"inLanguage":"ca"},{"@type":"Organization","@id":"https:\/\/electricpablos.com\/#organization","name":"Electric Pablos SL","url":"https:\/\/electricpablos.com\/","logo":{"@type":"ImageObject","inLanguage":"ca","@id":"https:\/\/electricpablos.com\/#\/schema\/logo\/image\/","url":"https:\/\/electricpablos.com\/wp-content\/uploads\/2024\/11\/logo.png","contentUrl":"https:\/\/electricpablos.com\/wp-content\/uploads\/2024\/11\/logo.png","width":500,"height":370,"caption":"Electric Pablos SL"},"image":{"@id":"https:\/\/electricpablos.com\/#\/schema\/logo\/image\/"},"sameAs":["https:\/\/www.facebook.com\/electricpablos","https:\/\/www.instagram.com\/electric_pablos_s.l\/"]}]}},"_links":{"self":[{"href":"https:\/\/electricpablos.com\/ca\/wp-json\/wp\/v2\/pages\/1700","targetHints":{"allow":["GET"]}}],"collection":[{"href":"https:\/\/electricpablos.com\/ca\/wp-json\/wp\/v2\/pages"}],"about":[{"href":"https:\/\/electricpablos.com\/ca\/wp-json\/wp\/v2\/types\/page"}],"author":[{"embeddable":true,"href":"https:\/\/electricpablos.com\/ca\/wp-json\/wp\/v2\/users\/1"}],"replies":[{"embeddable":true,"href":"https:\/\/electricpablos.com\/ca\/wp-json\/wp\/v2\/comments?post=1700"}],"version-history":[{"count":1,"href":"https:\/\/electricpablos.com\/ca\/wp-json\/wp\/v2\/pages\/1700\/revisions"}],"predecessor-version":[{"id":1701,"href":"https:\/\/electricpablos.com\/ca\/wp-json\/wp\/v2\/pages\/1700\/revisions\/1701"}],"up":[{"embeddable":true,"href":"https:\/\/electricpablos.com\/ca\/wp-json\/wp\/v2\/pages\/1702"}],"wp:featuredmedia":[{"embeddable":true,"href":"https:\/\/electricpablos.com\/ca\/wp-json\/wp\/v2\/media\/193"}],"wp:attachment":[{"href":"https:\/\/electricpablos.com\/ca\/wp-json\/wp\/v2\/media?parent=1700"}],"curies":[{"name":"wp","href":"https:\/\/api.w.org\/{rel}","templated":true}]}}