{"id":1697,"date":"2025-01-07T14:25:43","date_gmt":"2025-01-07T13:25:43","guid":{"rendered":"https:\/\/electricpablos.com\/aire-condicionat\/"},"modified":"2025-04-14T10:22:52","modified_gmt":"2025-04-14T08:22:52","slug":"aire-condicionat","status":"publish","type":"page","link":"https:\/\/electricpablos.com\/ca\/serveis\/aire-condicionat\/","title":{"rendered":"Aire condicionat"},"content":{"rendered":"\t\t<div data-elementor-type=\"wp-page\" data-elementor-id=\"1697\" class=\"elementor elementor-1697 elementor-835\">\n\t\t\t\t\t\t<section class=\"elementor-section elementor-top-section elementor-element elementor-element-6dcd2648 elementor-section-boxed elementor-section-height-default elementor-section-height-default wpr-particle-no wpr-jarallax-no wpr-parallax-no wpr-sticky-section-no\" data-id=\"6dcd2648\" data-element_type=\"section\" data-e-type=\"section\">\n\t\t\t\t\t\t<div class=\"elementor-container elementor-column-gap-extended\">\n\t\t\t\t\t<div class=\"elementor-column elementor-col-50 elementor-top-column elementor-element elementor-element-7d041274\" data-id=\"7d041274\" data-element_type=\"column\" data-e-type=\"column\">\n\t\t\t<div class=\"elementor-widget-wrap elementor-element-populated\">\n\t\t\t\t\t\t<div class=\"elementor-element elementor-element-57487711 elementor-widget elementor-widget-heading\" data-id=\"57487711\" data-element_type=\"widget\" data-e-type=\"widget\" data-widget_type=\"heading.default\">\n\t\t\t\t<div class=\"elementor-widget-container\">\n\t\t\t\t\t<h2 class=\"elementor-heading-title elementor-size-default\">Instal\u00b7laci\u00f3, manteniment i reparaci\u00f3 d'aire condicionat<\/h2>\t\t\t\t<\/div>\n\t\t\t\t<\/div>\n\t\t\t\t<div class=\"elementor-element elementor-element-4be5b68c elementor-widget elementor-widget-text-editor\" data-id=\"4be5b68c\" data-element_type=\"widget\" data-e-type=\"widget\" data-widget_type=\"text-editor.default\">\n\t\t\t\t<div class=\"elementor-widget-container\">\n\t\t\t\t\t\t\t\t\t<p>Electric Pablos SL som experts en instal\u00b7laci\u00f3, reparaci\u00f3 i manteniment de sistemes d&#8217;<strong>aire condicionat,<\/strong> tant per a habitatges particulars com per a locals comercials, oficines, bars, restaurants i comunitats de ve\u00efns.<\/p><p>Realitzem la instal\u00b7laci\u00f3 d&#8217;aires condicionats amb <strong>t\u00e8cnics professionals titulats<\/strong>, complint totes les normatives vigents i amb certificat oficial de manipulaci\u00f3 de gasos fluorats, garantint aix\u00ed un treball segur, eficient i respectu\u00f3s amb el medi ambient.<\/p>\t\t\t\t\t\t\t\t<\/div>\n\t\t\t\t<\/div>\n\t\t\t\t\t<\/div>\n\t\t<\/div>\n\t\t\t\t<div class=\"elementor-column elementor-col-50 elementor-top-column elementor-element elementor-element-4b786254\" data-id=\"4b786254\" data-element_type=\"column\" data-e-type=\"column\">\n\t\t\t<div class=\"elementor-widget-wrap elementor-element-populated\">\n\t\t\t\t\t\t<div class=\"elementor-element elementor-element-45869cb7 elementor-widget elementor-widget-image\" data-id=\"45869cb7\" data-element_type=\"widget\" data-e-type=\"widget\" data-widget_type=\"image.default\">\n\t\t\t\t<div class=\"elementor-widget-container\">\n\t\t\t\t\t\t\t\t\t\t\t\t\t\t\t<img fetchpriority=\"high\" decoding=\"async\" width=\"1500\" height=\"1000\" src=\"https:\/\/electricpablos.com\/wp-content\/uploads\/2025\/04\/aire-acondicionado-1.jpg\" class=\"attachment-large size-large wp-image-1470\" alt=\"aire acondicionado\" srcset=\"https:\/\/electricpablos.com\/wp-content\/uploads\/2025\/04\/aire-acondicionado-1.jpg 1500w, https:\/\/electricpablos.com\/wp-content\/uploads\/2025\/04\/aire-acondicionado-1-768x512.jpg 768w\" sizes=\"(max-width: 1500px) 100vw, 1500px\" \/>\t\t\t\t\t\t\t\t\t\t\t\t\t\t\t<\/div>\n\t\t\t\t<\/div>\n\t\t\t\t\t<\/div>\n\t\t<\/div>\n\t\t\t\t\t<\/div>\n\t\t<\/section>\n\t\t\t\t<section class=\"elementor-section elementor-top-section elementor-element elementor-element-688cd7bf elementor-section-boxed elementor-section-height-default elementor-section-height-default wpr-particle-no wpr-jarallax-no wpr-parallax-no wpr-sticky-section-no\" data-id=\"688cd7bf\" data-element_type=\"section\" data-e-type=\"section\" data-settings=\"{&quot;background_background&quot;:&quot;classic&quot;}\">\n\t\t\t\t\t\t<div class=\"elementor-container elementor-column-gap-extended\">\n\t\t\t\t\t<div class=\"elementor-column elementor-col-50 elementor-top-column elementor-element elementor-element-767b9e2\" data-id=\"767b9e2\" data-element_type=\"column\" data-e-type=\"column\">\n\t\t\t<div class=\"elementor-widget-wrap elementor-element-populated\">\n\t\t\t\t\t\t<div class=\"elementor-element elementor-element-127b3b7f elementor-widget elementor-widget-heading\" data-id=\"127b3b7f\" data-element_type=\"widget\" data-e-type=\"widget\" data-widget_type=\"heading.default\">\n\t\t\t\t<div class=\"elementor-widget-container\">\n\t\t\t\t\t<h3 class=\"elementor-heading-title elementor-size-default\">Serveis d'Aire Condicionat:<\/h3>\t\t\t\t<\/div>\n\t\t\t\t<\/div>\n\t\t\t\t<div class=\"elementor-element elementor-element-5056c255 elementor-widget elementor-widget-text-editor\" data-id=\"5056c255\" data-element_type=\"widget\" data-e-type=\"widget\" data-widget_type=\"text-editor.default\">\n\t\t\t\t<div class=\"elementor-widget-container\">\n\t\t\t\t\t\t\t\t\t<ul><li>Instal\u00b7laci\u00f3 de sistemes <strong>split, multisplit, per conductes i casset.<\/strong><\/li><li><strong>Assessorament personalitzat <\/strong>per triar el sistema m\u00e9s adequat segons el tipus d&#8217;estada.<\/li><li>Reparaci\u00f3 d&#8217;avaries, substituci\u00f3 de peces i c\u00e0rrega de <strong>gas refrigerant<\/strong>.<\/li><li><strong>Manteniment preventiu<\/strong> per millorar l&#8217;efici\u00e8ncia energ\u00e8tica i perllongar la vida \u00fatil de l&#8217;equip.<\/li><li>Instal\u00b7laci\u00f3 d&#8217;<strong>equips amb bomba de calor <\/strong>ideals per climatitzar a l&#8217;estiu i escalfar a l&#8217;hivern.<\/li><\/ul>\t\t\t\t\t\t\t\t<\/div>\n\t\t\t\t<\/div>\n\t\t\t\t\t<\/div>\n\t\t<\/div>\n\t\t\t\t<div class=\"elementor-column elementor-col-50 elementor-top-column elementor-element elementor-element-8a09ee3\" data-id=\"8a09ee3\" data-element_type=\"column\" data-e-type=\"column\">\n\t\t\t<div class=\"elementor-widget-wrap elementor-element-populated\">\n\t\t\t\t\t\t<div class=\"elementor-element elementor-element-7f75be9 elementor-widget elementor-widget-image\" data-id=\"7f75be9\" data-element_type=\"widget\" data-e-type=\"widget\" data-widget_type=\"image.default\">\n\t\t\t\t<div class=\"elementor-widget-container\">\n\t\t\t\t\t\t\t\t\t\t\t\t\t\t\t<img decoding=\"async\" width=\"900\" height=\"944\" src=\"https:\/\/electricpablos.com\/wp-content\/uploads\/2025\/04\/aire-acondicionado-2.jpg\" class=\"attachment-large size-large wp-image-1482\" alt=\"Servicios de Aire Acondicionado\" srcset=\"https:\/\/electricpablos.com\/wp-content\/uploads\/2025\/04\/aire-acondicionado-2.jpg 900w, https:\/\/electricpablos.com\/wp-content\/uploads\/2025\/04\/aire-acondicionado-2-768x806.jpg 768w\" sizes=\"(max-width: 900px) 100vw, 900px\" \/>\t\t\t\t\t\t\t\t\t\t\t\t\t\t\t<\/div>\n\t\t\t\t<\/div>\n\t\t\t\t\t<\/div>\n\t\t<\/div>\n\t\t\t\t\t<\/div>\n\t\t<\/section>\n\t\t\t\t<section class=\"elementor-section elementor-top-section elementor-element elementor-element-27c0a29 elementor-section-boxed elementor-section-height-default elementor-section-height-default wpr-particle-no wpr-jarallax-no wpr-parallax-no wpr-sticky-section-no\" data-id=\"27c0a29\" data-element_type=\"section\" data-e-type=\"section\">\n\t\t\t\t\t\t<div class=\"elementor-container elementor-column-gap-extended\">\n\t\t\t\t\t<div class=\"elementor-column elementor-col-100 elementor-top-column elementor-element elementor-element-194e24d2\" data-id=\"194e24d2\" data-element_type=\"column\" data-e-type=\"column\">\n\t\t\t<div class=\"elementor-widget-wrap elementor-element-populated\">\n\t\t\t\t\t\t<div class=\"elementor-element elementor-element-19004f18 elementor-widget elementor-widget-icon-box\" data-id=\"19004f18\" data-element_type=\"widget\" data-e-type=\"widget\" data-widget_type=\"icon-box.default\">\n\t\t\t\t<div class=\"elementor-widget-container\">\n\t\t\t\t\t\t\t<div class=\"elementor-icon-box-wrapper\">\n\n\t\t\t\n\t\t\t\t\t\t<div class=\"elementor-icon-box-content\">\n\n\t\t\t\t\t\t\t\t\t<h3 class=\"elementor-icon-box-title\">\n\t\t\t\t\t\t<span  >\n\t\t\t\t\t\t\tAvantatges dels nostres sistemes d'aire condicionat\t\t\t\t\t\t<\/span>\n\t\t\t\t\t<\/h3>\n\t\t\t\t\n\t\t\t\t\n\t\t\t<\/div>\n\t\t\t\n\t\t<\/div>\n\t\t\t\t\t\t<\/div>\n\t\t\t\t<\/div>\n\t\t\t\t<div class=\"elementor-element elementor-element-4ea2e150 elementor-widget elementor-widget-text-editor\" data-id=\"4ea2e150\" data-element_type=\"widget\" data-e-type=\"widget\" data-widget_type=\"text-editor.default\">\n\t\t\t\t<div class=\"elementor-widget-container\">\n\t\t\t\t\t\t\t\t\t<ul><li>Major <strong>efici\u00e8ncia energ\u00e8tica<\/strong> amb tecnologia inverter.<\/li><li>Reducci\u00f3 del consum el\u00e8ctric i estalvi a la factura.<\/li><li>Millora de la <strong>qualitat de l\u02bbaire interior,<\/strong> amb sistemes de filtratge avan\u00e7ats.<\/li><li>Funcionament <strong>silenci\u00f3s<\/strong>, ideal per a llars i oficines.<\/li><li><strong>Servei professional certificat <\/strong>i atenci\u00f3 personalitzada.<\/li><\/ul>\t\t\t\t\t\t\t\t<\/div>\n\t\t\t\t<\/div>\n\t\t\t\t\t<\/div>\n\t\t<\/div>\n\t\t\t\t\t<\/div>\n\t\t<\/section>\n\t\t\t\t<section class=\"elementor-section elementor-top-section elementor-element elementor-element-bd46f58 elementor-section-boxed elementor-section-height-default elementor-section-height-default wpr-particle-no wpr-jarallax-no wpr-parallax-no wpr-sticky-section-no\" data-id=\"bd46f58\" data-element_type=\"section\" data-e-type=\"section\">\n\t\t\t\t\t\t<div class=\"elementor-container elementor-column-gap-extended\">\n\t\t\t\t\t<div class=\"elementor-column elementor-col-100 elementor-top-column elementor-element elementor-element-b977eeb\" data-id=\"b977eeb\" data-element_type=\"column\" data-e-type=\"column\">\n\t\t\t<div class=\"elementor-widget-wrap elementor-element-populated\">\n\t\t\t\t\t\t<div class=\"elementor-element elementor-element-848a506 elementor-position-inline-start elementor-view-default elementor-mobile-position-block-start elementor-widget elementor-widget-icon-box\" data-id=\"848a506\" data-element_type=\"widget\" data-e-type=\"widget\" data-widget_type=\"icon-box.default\">\n\t\t\t\t<div class=\"elementor-widget-container\">\n\t\t\t\t\t\t\t<div class=\"elementor-icon-box-wrapper\">\n\n\t\t\t\t\t\t<div class=\"elementor-icon-box-icon\">\n\t\t\t\t<a href=\"https:\/\/electricpablos.com\/ca\/contacte\/\" class=\"elementor-icon\" tabindex=\"-1\" aria-label=\"Demana el teu pressupost sense comprom\u00eds i gaudeix d&#039;un ambient confortable tot l&#039;any.\">\n\t\t\t\t<i aria-hidden=\"true\" class=\"fas fa-check-circle\"><\/i>\t\t\t\t<\/a>\n\t\t\t<\/div>\n\t\t\t\n\t\t\t\t\t\t<div class=\"elementor-icon-box-content\">\n\n\t\t\t\t\t\t\t\t\t<h3 class=\"elementor-icon-box-title\">\n\t\t\t\t\t\t<a href=\"https:\/\/electricpablos.com\/ca\/contacte\/\" >\n\t\t\t\t\t\t\tDemana el teu pressupost sense comprom\u00eds i gaudeix d'un ambient confortable tot l'any.\t\t\t\t\t\t<\/a>\n\t\t\t\t\t<\/h3>\n\t\t\t\t\n\t\t\t\t\t\t\t\t\t<p class=\"elementor-icon-box-description\">\n\t\t\t\t\t\tTreballem amb marques l\u00edders com Mitsubishi, Daikin, LG, Hisense, Bosch, Fujitsu, entre d'altres. Som a Empuriabrava (Girona) i oferim servei a tota la prov\u00edncia. \t\t\t\t\t<\/p>\n\t\t\t\t\n\t\t\t<\/div>\n\t\t\t\n\t\t<\/div>\n\t\t\t\t\t\t<\/div>\n\t\t\t\t<\/div>\n\t\t\t\t\t<\/div>\n\t\t<\/div>\n\t\t\t\t\t<\/div>\n\t\t<\/section>\n\t\t\t\t<\/div>\n\t\t","protected":false},"excerpt":{"rendered":"<p>Instal\u00b7laci\u00f3, manteniment i reparaci\u00f3 d&#8217;aire condicionat Electric Pablos SL som experts en instal\u00b7laci\u00f3, reparaci\u00f3 i manteniment de sistemes d&#8217;aire condicionat,<\/p>\n","protected":false},"author":1,"featured_media":1470,"parent":1702,"menu_order":0,"comment_status":"closed","ping_status":"closed","template":"","meta":{"_monsterinsights_skip_tracking":false,"_monsterinsights_sitenote_active":false,"_monsterinsights_sitenote_note":"","_monsterinsights_sitenote_category":0,"site-sidebar-layout":"no-sidebar","site-content-layout":"","ast-site-content-layout":"full-width-container","site-content-style":"default","site-sidebar-style":"default","ast-global-header-display":"","ast-banner-title-visibility":"","ast-main-header-display":"","ast-hfb-above-header-display":"","ast-hfb-below-header-display":"","ast-hfb-mobile-header-display":"","site-post-title":"disabled","ast-breadcrumbs-content":"","ast-featured-img":"disabled","footer-sml-layout":"","ast-disable-related-posts":"","theme-transparent-header-meta":"default","adv-header-id-meta":"694","stick-header-meta":"default","header-above-stick-meta":"","header-main-stick-meta":"","header-below-stick-meta":"","astra-migrate-meta-layouts":"default","ast-page-background-enabled":"default","ast-page-background-meta":{"desktop":{"background-color":"var(--ast-global-color-4)","background-image":"","background-repeat":"repeat","background-position":"center center","background-size":"auto","background-attachment":"scroll","background-type":"","background-media":"","overlay-type":"","overlay-color":"","overlay-opacity":"","overlay-gradient":""},"tablet":{"background-color":"","background-image":"","background-repeat":"repeat","background-position":"center center","background-size":"auto","background-attachment":"scroll","background-type":"","background-media":"","overlay-type":"","overlay-color":"","overlay-opacity":"","overlay-gradient":""},"mobile":{"background-color":"","background-image":"","background-repeat":"repeat","background-position":"center center","background-size":"auto","background-attachment":"scroll","background-type":"","background-media":"","overlay-type":"","overlay-color":"","overlay-opacity":"","overlay-gradient":""}},"ast-content-background-meta":{"desktop":{"background-color":"var(--ast-global-color-5)","background-image":"","background-repeat":"repeat","background-position":"center center","background-size":"auto","background-attachment":"scroll","background-type":"","background-media":"","overlay-type":"","overlay-color":"","overlay-opacity":"","overlay-gradient":""},"tablet":{"background-color":"var(--ast-global-color-5)","background-image":"","background-repeat":"repeat","background-position":"center center","background-size":"auto","background-attachment":"scroll","background-type":"","background-media":"","overlay-type":"","overlay-color":"","overlay-opacity":"","overlay-gradient":""},"mobile":{"background-color":"var(--ast-global-color-5)","background-image":"","background-repeat":"repeat","background-position":"center center","background-size":"auto","background-attachment":"scroll","background-type":"","background-media":"","overlay-type":"","overlay-color":"","overlay-opacity":"","overlay-gradient":""}},"footnotes":""},"class_list":["post-1697","page","type-page","status-publish","has-post-thumbnail","hentry"],"yoast_head":"<!-- This site is optimized with the Yoast SEO plugin v27.2 - https:\/\/yoast.com\/product\/yoast-seo-wordpress\/ -->\n<title>Aire condicionat - Electric Pablos<\/title>\n<meta name=\"description\" content=\"Som experts en instal\u00b7laci\u00f3 i manteniment de sistemes d&#039;aire condicionat, tant per a particulars com a empreses.\" \/>\n<meta name=\"robots\" content=\"index, follow, max-snippet:-1, max-image-preview:large, max-video-preview:-1\" \/>\n<link rel=\"canonical\" href=\"https:\/\/electricpablos.com\/ca\/serveis\/aire-condicionat\/\" \/>\n<meta property=\"og:locale\" content=\"ca_ES\" \/>\n<meta property=\"og:type\" content=\"article\" \/>\n<meta property=\"og:title\" content=\"Aire condicionat - Electric Pablos\" \/>\n<meta property=\"og:description\" content=\"Som experts en instal\u00b7laci\u00f3 i manteniment de sistemes d&#039;aire condicionat, tant per a particulars com a empreses.\" \/>\n<meta property=\"og:url\" content=\"https:\/\/electricpablos.com\/ca\/serveis\/aire-condicionat\/\" \/>\n<meta property=\"og:site_name\" content=\"Electric Pablos\" \/>\n<meta property=\"article:publisher\" content=\"https:\/\/www.facebook.com\/electricpablos\" \/>\n<meta property=\"article:modified_time\" content=\"2025-04-14T08:22:52+00:00\" \/>\n<meta property=\"og:image\" content=\"https:\/\/electricpablos.com\/wp-content\/uploads\/2025\/04\/aire-acondicionado-1.jpg\" \/>\n\t<meta property=\"og:image:width\" content=\"1500\" \/>\n\t<meta property=\"og:image:height\" content=\"1000\" \/>\n\t<meta property=\"og:image:type\" content=\"image\/jpeg\" \/>\n<meta name=\"twitter:card\" content=\"summary_large_image\" \/>\n<meta name=\"twitter:label1\" content=\"Temps estimat de lectura\" \/>\n\t<meta name=\"twitter:data1\" content=\"1 minut\" \/>\n<script type=\"application\/ld+json\" class=\"yoast-schema-graph\">{\"@context\":\"https:\/\/schema.org\",\"@graph\":[{\"@type\":\"WebPage\",\"@id\":\"https:\/\/electricpablos.com\/ca\/serveis\/aire-condicionat\/\",\"url\":\"https:\/\/electricpablos.com\/ca\/serveis\/aire-condicionat\/\",\"name\":\"Aire condicionat - Electric Pablos\",\"isPartOf\":{\"@id\":\"https:\/\/electricpablos.com\/#website\"},\"primaryImageOfPage\":{\"@id\":\"https:\/\/electricpablos.com\/ca\/serveis\/aire-condicionat\/#primaryimage\"},\"image\":{\"@id\":\"https:\/\/electricpablos.com\/ca\/serveis\/aire-condicionat\/#primaryimage\"},\"thumbnailUrl\":\"https:\/\/electricpablos.com\/wp-content\/uploads\/2025\/04\/aire-acondicionado-1.jpg\",\"datePublished\":\"2025-01-07T13:25:43+00:00\",\"dateModified\":\"2025-04-14T08:22:52+00:00\",\"description\":\"Som experts en instal\u00b7laci\u00f3 i manteniment de sistemes d'aire condicionat, tant per a particulars com a empreses.\",\"breadcrumb\":{\"@id\":\"https:\/\/electricpablos.com\/ca\/serveis\/aire-condicionat\/#breadcrumb\"},\"inLanguage\":\"ca\",\"potentialAction\":[{\"@type\":\"ReadAction\",\"target\":[\"https:\/\/electricpablos.com\/ca\/serveis\/aire-condicionat\/\"]}]},{\"@type\":\"ImageObject\",\"inLanguage\":\"ca\",\"@id\":\"https:\/\/electricpablos.com\/ca\/serveis\/aire-condicionat\/#primaryimage\",\"url\":\"https:\/\/electricpablos.com\/wp-content\/uploads\/2025\/04\/aire-acondicionado-1.jpg\",\"contentUrl\":\"https:\/\/electricpablos.com\/wp-content\/uploads\/2025\/04\/aire-acondicionado-1.jpg\",\"width\":1500,\"height\":1000,\"caption\":\"aire acondicionado\"},{\"@type\":\"BreadcrumbList\",\"@id\":\"https:\/\/electricpablos.com\/ca\/serveis\/aire-condicionat\/#breadcrumb\",\"itemListElement\":[{\"@type\":\"ListItem\",\"position\":1,\"name\":\"Portada\",\"item\":\"https:\/\/electricpablos.com\/ca\/\"},{\"@type\":\"ListItem\",\"position\":2,\"name\":\"Serveis\",\"item\":\"https:\/\/electricpablos.com\/ca\/serveis\/\"},{\"@type\":\"ListItem\",\"position\":3,\"name\":\"Aire condicionat\"}]},{\"@type\":\"WebSite\",\"@id\":\"https:\/\/electricpablos.com\/#website\",\"url\":\"https:\/\/electricpablos.com\/\",\"name\":\"Electric Pablos SL\",\"description\":\"\",\"publisher\":{\"@id\":\"https:\/\/electricpablos.com\/#organization\"},\"potentialAction\":[{\"@type\":\"SearchAction\",\"target\":{\"@type\":\"EntryPoint\",\"urlTemplate\":\"https:\/\/electricpablos.com\/?s={search_term_string}\"},\"query-input\":{\"@type\":\"PropertyValueSpecification\",\"valueRequired\":true,\"valueName\":\"search_term_string\"}}],\"inLanguage\":\"ca\"},{\"@type\":\"Organization\",\"@id\":\"https:\/\/electricpablos.com\/#organization\",\"name\":\"Electric Pablos SL\",\"url\":\"https:\/\/electricpablos.com\/\",\"logo\":{\"@type\":\"ImageObject\",\"inLanguage\":\"ca\",\"@id\":\"https:\/\/electricpablos.com\/#\/schema\/logo\/image\/\",\"url\":\"https:\/\/electricpablos.com\/wp-content\/uploads\/2024\/11\/logo.png\",\"contentUrl\":\"https:\/\/electricpablos.com\/wp-content\/uploads\/2024\/11\/logo.png\",\"width\":500,\"height\":370,\"caption\":\"Electric Pablos SL\"},\"image\":{\"@id\":\"https:\/\/electricpablos.com\/#\/schema\/logo\/image\/\"},\"sameAs\":[\"https:\/\/www.facebook.com\/electricpablos\",\"https:\/\/www.instagram.com\/electric_pablos_s.l\/\"]}]}<\/script>\n<!-- \/ Yoast SEO plugin. -->","yoast_head_json":{"title":"Aire condicionat - Electric Pablos","description":"Som experts en instal\u00b7laci\u00f3 i manteniment de sistemes d'aire condicionat, tant per a particulars com a empreses.","robots":{"index":"index","follow":"follow","max-snippet":"max-snippet:-1","max-image-preview":"max-image-preview:large","max-video-preview":"max-video-preview:-1"},"canonical":"https:\/\/electricpablos.com\/ca\/serveis\/aire-condicionat\/","og_locale":"ca_ES","og_type":"article","og_title":"Aire condicionat - Electric Pablos","og_description":"Som experts en instal\u00b7laci\u00f3 i manteniment de sistemes d'aire condicionat, tant per a particulars com a empreses.","og_url":"https:\/\/electricpablos.com\/ca\/serveis\/aire-condicionat\/","og_site_name":"Electric Pablos","article_publisher":"https:\/\/www.facebook.com\/electricpablos","article_modified_time":"2025-04-14T08:22:52+00:00","og_image":[{"width":1500,"height":1000,"url":"https:\/\/electricpablos.com\/wp-content\/uploads\/2025\/04\/aire-acondicionado-1.jpg","type":"image\/jpeg"}],"twitter_card":"summary_large_image","twitter_misc":{"Temps estimat de lectura":"1 minut"},"schema":{"@context":"https:\/\/schema.org","@graph":[{"@type":"WebPage","@id":"https:\/\/electricpablos.com\/ca\/serveis\/aire-condicionat\/","url":"https:\/\/electricpablos.com\/ca\/serveis\/aire-condicionat\/","name":"Aire condicionat - Electric Pablos","isPartOf":{"@id":"https:\/\/electricpablos.com\/#website"},"primaryImageOfPage":{"@id":"https:\/\/electricpablos.com\/ca\/serveis\/aire-condicionat\/#primaryimage"},"image":{"@id":"https:\/\/electricpablos.com\/ca\/serveis\/aire-condicionat\/#primaryimage"},"thumbnailUrl":"https:\/\/electricpablos.com\/wp-content\/uploads\/2025\/04\/aire-acondicionado-1.jpg","datePublished":"2025-01-07T13:25:43+00:00","dateModified":"2025-04-14T08:22:52+00:00","description":"Som experts en instal\u00b7laci\u00f3 i manteniment de sistemes d'aire condicionat, tant per a particulars com a empreses.","breadcrumb":{"@id":"https:\/\/electricpablos.com\/ca\/serveis\/aire-condicionat\/#breadcrumb"},"inLanguage":"ca","potentialAction":[{"@type":"ReadAction","target":["https:\/\/electricpablos.com\/ca\/serveis\/aire-condicionat\/"]}]},{"@type":"ImageObject","inLanguage":"ca","@id":"https:\/\/electricpablos.com\/ca\/serveis\/aire-condicionat\/#primaryimage","url":"https:\/\/electricpablos.com\/wp-content\/uploads\/2025\/04\/aire-acondicionado-1.jpg","contentUrl":"https:\/\/electricpablos.com\/wp-content\/uploads\/2025\/04\/aire-acondicionado-1.jpg","width":1500,"height":1000,"caption":"aire acondicionado"},{"@type":"BreadcrumbList","@id":"https:\/\/electricpablos.com\/ca\/serveis\/aire-condicionat\/#breadcrumb","itemListElement":[{"@type":"ListItem","position":1,"name":"Portada","item":"https:\/\/electricpablos.com\/ca\/"},{"@type":"ListItem","position":2,"name":"Serveis","item":"https:\/\/electricpablos.com\/ca\/serveis\/"},{"@type":"ListItem","position":3,"name":"Aire condicionat"}]},{"@type":"WebSite","@id":"https:\/\/electricpablos.com\/#website","url":"https:\/\/electricpablos.com\/","name":"Electric Pablos SL","description":"","publisher":{"@id":"https:\/\/electricpablos.com\/#organization"},"potentialAction":[{"@type":"SearchAction","target":{"@type":"EntryPoint","urlTemplate":"https:\/\/electricpablos.com\/?s={search_term_string}"},"query-input":{"@type":"PropertyValueSpecification","valueRequired":true,"valueName":"search_term_string"}}],"inLanguage":"ca"},{"@type":"Organization","@id":"https:\/\/electricpablos.com\/#organization","name":"Electric Pablos SL","url":"https:\/\/electricpablos.com\/","logo":{"@type":"ImageObject","inLanguage":"ca","@id":"https:\/\/electricpablos.com\/#\/schema\/logo\/image\/","url":"https:\/\/electricpablos.com\/wp-content\/uploads\/2024\/11\/logo.png","contentUrl":"https:\/\/electricpablos.com\/wp-content\/uploads\/2024\/11\/logo.png","width":500,"height":370,"caption":"Electric Pablos SL"},"image":{"@id":"https:\/\/electricpablos.com\/#\/schema\/logo\/image\/"},"sameAs":["https:\/\/www.facebook.com\/electricpablos","https:\/\/www.instagram.com\/electric_pablos_s.l\/"]}]}},"_links":{"self":[{"href":"https:\/\/electricpablos.com\/ca\/wp-json\/wp\/v2\/pages\/1697","targetHints":{"allow":["GET"]}}],"collection":[{"href":"https:\/\/electricpablos.com\/ca\/wp-json\/wp\/v2\/pages"}],"about":[{"href":"https:\/\/electricpablos.com\/ca\/wp-json\/wp\/v2\/types\/page"}],"author":[{"embeddable":true,"href":"https:\/\/electricpablos.com\/ca\/wp-json\/wp\/v2\/users\/1"}],"replies":[{"embeddable":true,"href":"https:\/\/electricpablos.com\/ca\/wp-json\/wp\/v2\/comments?post=1697"}],"version-history":[{"count":2,"href":"https:\/\/electricpablos.com\/ca\/wp-json\/wp\/v2\/pages\/1697\/revisions"}],"predecessor-version":[{"id":1699,"href":"https:\/\/electricpablos.com\/ca\/wp-json\/wp\/v2\/pages\/1697\/revisions\/1699"}],"up":[{"embeddable":true,"href":"https:\/\/electricpablos.com\/ca\/wp-json\/wp\/v2\/pages\/1702"}],"wp:featuredmedia":[{"embeddable":true,"href":"https:\/\/electricpablos.com\/ca\/wp-json\/wp\/v2\/media\/1470"}],"wp:attachment":[{"href":"https:\/\/electricpablos.com\/ca\/wp-json\/wp\/v2\/media?parent=1697"}],"curies":[{"name":"wp","href":"https:\/\/api.w.org\/{rel}","templated":true}]}}