{"id":1692,"date":"2025-01-07T14:24:27","date_gmt":"2025-01-07T13:24:27","guid":{"rendered":"https:\/\/electricpablos.com\/installacions-daigua\/"},"modified":"2025-04-14T10:22:52","modified_gmt":"2025-04-14T08:22:52","slug":"installacions-daigua","status":"publish","type":"page","link":"https:\/\/electricpablos.com\/ca\/serveis\/installacions-daigua\/","title":{"rendered":"Instal\u00b7lacions d&#8217;aigua"},"content":{"rendered":"\t\t<div data-elementor-type=\"wp-page\" data-elementor-id=\"1692\" class=\"elementor elementor-1692 elementor-827\">\n\t\t\t\t\t\t<section class=\"elementor-section elementor-top-section elementor-element elementor-element-5d37d1b2 elementor-section-boxed elementor-section-height-default elementor-section-height-default wpr-particle-no wpr-jarallax-no wpr-parallax-no wpr-sticky-section-no\" data-id=\"5d37d1b2\" data-element_type=\"section\" data-e-type=\"section\">\n\t\t\t\t\t\t<div class=\"elementor-container elementor-column-gap-extended\">\n\t\t\t\t\t<div class=\"elementor-column elementor-col-50 elementor-top-column elementor-element elementor-element-17536fed\" data-id=\"17536fed\" data-element_type=\"column\" data-e-type=\"column\">\n\t\t\t<div class=\"elementor-widget-wrap elementor-element-populated\">\n\t\t\t\t\t\t<div class=\"elementor-element elementor-element-109d7fa3 elementor-widget elementor-widget-heading\" data-id=\"109d7fa3\" data-element_type=\"widget\" data-e-type=\"widget\" data-widget_type=\"heading.default\">\n\t\t\t\t<div class=\"elementor-widget-container\">\n\t\t\t\t\t<h2 class=\"elementor-heading-title elementor-size-default\">Instal\u00b7lacions d'aigua per a habitatges, negocis i comunitats <\/h2>\t\t\t\t<\/div>\n\t\t\t\t<\/div>\n\t\t\t\t<div class=\"elementor-element elementor-element-694db1ad elementor-widget elementor-widget-text-editor\" data-id=\"694db1ad\" data-element_type=\"widget\" data-e-type=\"widget\" data-widget_type=\"text-editor.default\">\n\t\t\t\t<div class=\"elementor-widget-container\">\n\t\t\t\t\t\t\t\t\t<p>A Electric Pablos SL realitzem tot tipus d&#8217;<strong>instal\u00b7lacions d&#8217;aigua<\/strong> potable i sanit\u00e0ria, tant a habitatges unifamiliars com a locals comercials, oficines, comunitats de ve\u00efns, bars i restaurants. Comptem amb un equip professional amb \u00e0mplia experi\u00e8ncia i certificaci\u00f3 oficial per a la realitzaci\u00f3 d&#8217;instal\u00b7lacions i butlletins d&#8217;aigua.<\/p><p>Oferim un servei complet, des de la planificaci\u00f3 i execuci\u00f3 de la instal\u00b7laci\u00f3 fins a la legalitzaci\u00f3 i connexi\u00f3 a la xarxa general.<\/p>\t\t\t\t\t\t\t\t<\/div>\n\t\t\t\t<\/div>\n\t\t\t\t<div class=\"elementor-element elementor-element-3b7be856 elementor-widget elementor-widget-heading\" data-id=\"3b7be856\" data-element_type=\"widget\" data-e-type=\"widget\" data-widget_type=\"heading.default\">\n\t\t\t\t<div class=\"elementor-widget-container\">\n\t\t\t\t\t<h2 class=\"elementor-heading-title elementor-size-default\">Treballem amb materials de qualitat i primeres marques, garantint instal\u00b7lacions segures, duradores i eficients.<\/h2>\t\t\t\t<\/div>\n\t\t\t\t<\/div>\n\t\t\t\t\t<\/div>\n\t\t<\/div>\n\t\t\t\t<div class=\"elementor-column elementor-col-50 elementor-top-column elementor-element elementor-element-466659c5\" data-id=\"466659c5\" data-element_type=\"column\" data-e-type=\"column\">\n\t\t\t<div class=\"elementor-widget-wrap elementor-element-populated\">\n\t\t\t\t\t\t<div class=\"elementor-element elementor-element-3dab2cde elementor-widget elementor-widget-image\" data-id=\"3dab2cde\" data-element_type=\"widget\" data-e-type=\"widget\" data-widget_type=\"image.default\">\n\t\t\t\t<div class=\"elementor-widget-container\">\n\t\t\t\t\t\t\t\t\t\t\t\t\t\t\t<img fetchpriority=\"high\" decoding=\"async\" width=\"973\" height=\"664\" src=\"https:\/\/electricpablos.com\/wp-content\/uploads\/2025\/04\/fontaneria-1.jpg\" class=\"attachment-large size-large wp-image-1508\" alt=\"Instalaciones de agua\" srcset=\"https:\/\/electricpablos.com\/wp-content\/uploads\/2025\/04\/fontaneria-1.jpg 973w, https:\/\/electricpablos.com\/wp-content\/uploads\/2025\/04\/fontaneria-1-768x524.jpg 768w\" sizes=\"(max-width: 973px) 100vw, 973px\" \/>\t\t\t\t\t\t\t\t\t\t\t\t\t\t\t<\/div>\n\t\t\t\t<\/div>\n\t\t\t\t\t<\/div>\n\t\t<\/div>\n\t\t\t\t\t<\/div>\n\t\t<\/section>\n\t\t\t\t<section class=\"elementor-section elementor-top-section elementor-element elementor-element-5210d178 elementor-section-boxed elementor-section-height-default elementor-section-height-default wpr-particle-no wpr-jarallax-no wpr-parallax-no wpr-sticky-section-no\" data-id=\"5210d178\" data-element_type=\"section\" data-e-type=\"section\" data-settings=\"{&quot;background_background&quot;:&quot;classic&quot;}\">\n\t\t\t\t\t\t<div class=\"elementor-container elementor-column-gap-extended\">\n\t\t\t\t\t<div class=\"elementor-column elementor-col-100 elementor-top-column elementor-element elementor-element-194b4b17\" data-id=\"194b4b17\" data-element_type=\"column\" data-e-type=\"column\">\n\t\t\t<div class=\"elementor-widget-wrap elementor-element-populated\">\n\t\t\t\t\t\t<div class=\"elementor-element elementor-element-5cea8b55 elementor-widget elementor-widget-heading\" data-id=\"5cea8b55\" data-element_type=\"widget\" data-e-type=\"widget\" data-widget_type=\"heading.default\">\n\t\t\t\t<div class=\"elementor-widget-container\">\n\t\t\t\t\t<h3 class=\"elementor-heading-title elementor-size-default\">Els nostres serveis d'aigua inclouen:<\/h3>\t\t\t\t<\/div>\n\t\t\t\t<\/div>\n\t\t\t\t<div class=\"elementor-element elementor-element-3d9e6a0b elementor-widget elementor-widget-text-editor\" data-id=\"3d9e6a0b\" data-element_type=\"widget\" data-e-type=\"widget\" data-widget_type=\"text-editor.default\">\n\t\t\t\t<div class=\"elementor-widget-container\">\n\t\t\t\t\t\t\t\t\t<ul><li>Instal\u00b7laci\u00f3 de canonades d&#8217;aigua freda i calenta.<\/li><li>Substituci\u00f3 de canonades antigues o amb fuites.<\/li><li>Muntatge d&#8217;aixetes, dutxes, sanitaris, aig\u00fceres i electrodom\u00e8stics d&#8217;aigua.<\/li><li>Instal\u00b7laci\u00f3 i connexi\u00f3 d&#8217;escalfadors d&#8217;aigua i termos el\u00e8ctrics.<\/li><li>Desguassos i connexi\u00f3 a la xarxa de sanejament.<\/li><li>Instal\u00b7laci\u00f3 de grups de pressi\u00f3 i sistemes d&#8217;estalvi d&#8217;aigua.<\/li><li>Reparaci\u00f3 de fuites, embussos i altres avaries hidr\u00e0uliques.<\/li><li>Revisi\u00f3, manteniment i legalitzaci\u00f3 d&#8217;instal\u00b7lacions.<\/li><\/ul>\t\t\t\t\t\t\t\t<\/div>\n\t\t\t\t<\/div>\n\t\t\t\t\t<\/div>\n\t\t<\/div>\n\t\t\t\t\t<\/div>\n\t\t<\/section>\n\t\t\t\t<section class=\"elementor-section elementor-top-section elementor-element elementor-element-7c27f25c elementor-section-boxed elementor-section-height-default elementor-section-height-default wpr-particle-no wpr-jarallax-no wpr-parallax-no wpr-sticky-section-no\" data-id=\"7c27f25c\" data-element_type=\"section\" data-e-type=\"section\">\n\t\t\t\t\t\t<div class=\"elementor-container elementor-column-gap-extended\">\n\t\t\t\t\t<div class=\"elementor-column elementor-col-100 elementor-top-column elementor-element elementor-element-40570a57\" data-id=\"40570a57\" data-element_type=\"column\" data-e-type=\"column\">\n\t\t\t<div class=\"elementor-widget-wrap elementor-element-populated\">\n\t\t\t\t\t\t<div class=\"elementor-element elementor-element-2302f6b4 elementor-position-inline-start elementor-view-default elementor-mobile-position-block-start elementor-widget elementor-widget-icon-box\" data-id=\"2302f6b4\" data-element_type=\"widget\" data-e-type=\"widget\" data-widget_type=\"icon-box.default\">\n\t\t\t\t<div class=\"elementor-widget-container\">\n\t\t\t\t\t\t\t<div class=\"elementor-icon-box-wrapper\">\n\n\t\t\t\t\t\t<div class=\"elementor-icon-box-icon\">\n\t\t\t\t<a href=\"https:\/\/electricpablos.com\/ca\/contacte\/\" class=\"elementor-icon\" tabindex=\"-1\" aria-label=\"Demana el teu pressupost sense comprom\u00eds per a la teva nova instal\u00b7laci\u00f3, reforma o reparaci\u00f3 de fontaneria.\">\n\t\t\t\t<i aria-hidden=\"true\" class=\"far fa-check-circle\"><\/i>\t\t\t\t<\/a>\n\t\t\t<\/div>\n\t\t\t\n\t\t\t\t\t\t<div class=\"elementor-icon-box-content\">\n\n\t\t\t\t\t\t\t\t\t<h3 class=\"elementor-icon-box-title\">\n\t\t\t\t\t\t<a href=\"https:\/\/electricpablos.com\/ca\/contacte\/\" >\n\t\t\t\t\t\t\tDemana el teu pressupost sense comprom\u00eds per a la teva nova instal\u00b7laci\u00f3, reforma o reparaci\u00f3 de fontaneria.\t\t\t\t\t\t<\/a>\n\t\t\t\t\t<\/h3>\n\t\t\t\t\n\t\t\t\t\n\t\t\t<\/div>\n\t\t\t\n\t\t<\/div>\n\t\t\t\t\t\t<\/div>\n\t\t\t\t<\/div>\n\t\t\t\t\t<\/div>\n\t\t<\/div>\n\t\t\t\t\t<\/div>\n\t\t<\/section>\n\t\t\t\t<\/div>\n\t\t","protected":false},"excerpt":{"rendered":"<p>Instal\u00b7lacions d&#8217;aigua per a habitatges, negocis i comunitats A Electric Pablos SL realitzem tot tipus d&#8217;instal\u00b7lacions d&#8217;aigua potable i sanit\u00e0ria,<\/p>\n","protected":false},"author":1,"featured_media":1508,"parent":1702,"menu_order":0,"comment_status":"closed","ping_status":"closed","template":"","meta":{"_monsterinsights_skip_tracking":false,"_monsterinsights_sitenote_active":false,"_monsterinsights_sitenote_note":"","_monsterinsights_sitenote_category":0,"site-sidebar-layout":"no-sidebar","site-content-layout":"","ast-site-content-layout":"full-width-container","site-content-style":"default","site-sidebar-style":"default","ast-global-header-display":"","ast-banner-title-visibility":"","ast-main-header-display":"","ast-hfb-above-header-display":"","ast-hfb-below-header-display":"","ast-hfb-mobile-header-display":"","site-post-title":"disabled","ast-breadcrumbs-content":"","ast-featured-img":"disabled","footer-sml-layout":"","ast-disable-related-posts":"","theme-transparent-header-meta":"default","adv-header-id-meta":"694","stick-header-meta":"default","header-above-stick-meta":"","header-main-stick-meta":"","header-below-stick-meta":"","astra-migrate-meta-layouts":"default","ast-page-background-enabled":"default","ast-page-background-meta":{"desktop":{"background-color":"var(--ast-global-color-4)","background-image":"","background-repeat":"repeat","background-position":"center center","background-size":"auto","background-attachment":"scroll","background-type":"","background-media":"","overlay-type":"","overlay-color":"","overlay-opacity":"","overlay-gradient":""},"tablet":{"background-color":"","background-image":"","background-repeat":"repeat","background-position":"center center","background-size":"auto","background-attachment":"scroll","background-type":"","background-media":"","overlay-type":"","overlay-color":"","overlay-opacity":"","overlay-gradient":""},"mobile":{"background-color":"","background-image":"","background-repeat":"repeat","background-position":"center center","background-size":"auto","background-attachment":"scroll","background-type":"","background-media":"","overlay-type":"","overlay-color":"","overlay-opacity":"","overlay-gradient":""}},"ast-content-background-meta":{"desktop":{"background-color":"var(--ast-global-color-5)","background-image":"","background-repeat":"repeat","background-position":"center center","background-size":"auto","background-attachment":"scroll","background-type":"","background-media":"","overlay-type":"","overlay-color":"","overlay-opacity":"","overlay-gradient":""},"tablet":{"background-color":"var(--ast-global-color-5)","background-image":"","background-repeat":"repeat","background-position":"center center","background-size":"auto","background-attachment":"scroll","background-type":"","background-media":"","overlay-type":"","overlay-color":"","overlay-opacity":"","overlay-gradient":""},"mobile":{"background-color":"var(--ast-global-color-5)","background-image":"","background-repeat":"repeat","background-position":"center center","background-size":"auto","background-attachment":"scroll","background-type":"","background-media":"","overlay-type":"","overlay-color":"","overlay-opacity":"","overlay-gradient":""}},"footnotes":""},"class_list":["post-1692","page","type-page","status-publish","has-post-thumbnail","hentry"],"yoast_head":"<!-- This site is optimized with the Yoast SEO plugin v27.2 - https:\/\/yoast.com\/product\/yoast-seo-wordpress\/ -->\n<title>Instal\u00b7lacions d&#039;aigua - Electric Pablos<\/title>\n<meta name=\"description\" content=\"Realitzem tot tipus d&#039;instal\u00b7lacions d&#039;aigua potable i sanit\u00e0ria, tant a habitatges com a empreses amb un equip professional.\" \/>\n<meta name=\"robots\" content=\"index, follow, max-snippet:-1, max-image-preview:large, max-video-preview:-1\" \/>\n<link rel=\"canonical\" href=\"https:\/\/electricpablos.com\/ca\/serveis\/installacions-daigua\/\" \/>\n<meta property=\"og:locale\" content=\"ca_ES\" \/>\n<meta property=\"og:type\" content=\"article\" \/>\n<meta property=\"og:title\" content=\"Instal\u00b7lacions d&#039;aigua - Electric Pablos\" \/>\n<meta property=\"og:description\" content=\"Realitzem tot tipus d&#039;instal\u00b7lacions d&#039;aigua potable i sanit\u00e0ria, tant a habitatges com a empreses amb un equip professional.\" \/>\n<meta property=\"og:url\" content=\"https:\/\/electricpablos.com\/ca\/serveis\/installacions-daigua\/\" \/>\n<meta property=\"og:site_name\" content=\"Electric Pablos\" \/>\n<meta property=\"article:publisher\" content=\"https:\/\/www.facebook.com\/electricpablos\" \/>\n<meta property=\"article:modified_time\" content=\"2025-04-14T08:22:52+00:00\" \/>\n<meta property=\"og:image\" content=\"https:\/\/electricpablos.com\/wp-content\/uploads\/2025\/04\/fontaneria-1.jpg\" \/>\n\t<meta property=\"og:image:width\" content=\"973\" \/>\n\t<meta property=\"og:image:height\" content=\"664\" \/>\n\t<meta property=\"og:image:type\" content=\"image\/jpeg\" \/>\n<meta name=\"twitter:card\" content=\"summary_large_image\" \/>\n<meta name=\"twitter:label1\" content=\"Temps estimat de lectura\" \/>\n\t<meta name=\"twitter:data1\" content=\"1 minut\" \/>\n<script type=\"application\/ld+json\" class=\"yoast-schema-graph\">{\"@context\":\"https:\/\/schema.org\",\"@graph\":[{\"@type\":\"WebPage\",\"@id\":\"https:\/\/electricpablos.com\/ca\/serveis\/installacions-daigua\/\",\"url\":\"https:\/\/electricpablos.com\/ca\/serveis\/installacions-daigua\/\",\"name\":\"Instal\u00b7lacions d'aigua - Electric Pablos\",\"isPartOf\":{\"@id\":\"https:\/\/electricpablos.com\/#website\"},\"primaryImageOfPage\":{\"@id\":\"https:\/\/electricpablos.com\/ca\/serveis\/installacions-daigua\/#primaryimage\"},\"image\":{\"@id\":\"https:\/\/electricpablos.com\/ca\/serveis\/installacions-daigua\/#primaryimage\"},\"thumbnailUrl\":\"https:\/\/electricpablos.com\/wp-content\/uploads\/2025\/04\/fontaneria-1.jpg\",\"datePublished\":\"2025-01-07T13:24:27+00:00\",\"dateModified\":\"2025-04-14T08:22:52+00:00\",\"description\":\"Realitzem tot tipus d'instal\u00b7lacions d'aigua potable i sanit\u00e0ria, tant a habitatges com a empreses amb un equip professional.\",\"breadcrumb\":{\"@id\":\"https:\/\/electricpablos.com\/ca\/serveis\/installacions-daigua\/#breadcrumb\"},\"inLanguage\":\"ca\",\"potentialAction\":[{\"@type\":\"ReadAction\",\"target\":[\"https:\/\/electricpablos.com\/ca\/serveis\/installacions-daigua\/\"]}]},{\"@type\":\"ImageObject\",\"inLanguage\":\"ca\",\"@id\":\"https:\/\/electricpablos.com\/ca\/serveis\/installacions-daigua\/#primaryimage\",\"url\":\"https:\/\/electricpablos.com\/wp-content\/uploads\/2025\/04\/fontaneria-1.jpg\",\"contentUrl\":\"https:\/\/electricpablos.com\/wp-content\/uploads\/2025\/04\/fontaneria-1.jpg\",\"width\":973,\"height\":664,\"caption\":\"Instalaciones de agua\"},{\"@type\":\"BreadcrumbList\",\"@id\":\"https:\/\/electricpablos.com\/ca\/serveis\/installacions-daigua\/#breadcrumb\",\"itemListElement\":[{\"@type\":\"ListItem\",\"position\":1,\"name\":\"Portada\",\"item\":\"https:\/\/electricpablos.com\/ca\/\"},{\"@type\":\"ListItem\",\"position\":2,\"name\":\"Serveis\",\"item\":\"https:\/\/electricpablos.com\/ca\/serveis\/\"},{\"@type\":\"ListItem\",\"position\":3,\"name\":\"Instal\u00b7lacions d&#8217;aigua\"}]},{\"@type\":\"WebSite\",\"@id\":\"https:\/\/electricpablos.com\/#website\",\"url\":\"https:\/\/electricpablos.com\/\",\"name\":\"Electric Pablos SL\",\"description\":\"\",\"publisher\":{\"@id\":\"https:\/\/electricpablos.com\/#organization\"},\"potentialAction\":[{\"@type\":\"SearchAction\",\"target\":{\"@type\":\"EntryPoint\",\"urlTemplate\":\"https:\/\/electricpablos.com\/?s={search_term_string}\"},\"query-input\":{\"@type\":\"PropertyValueSpecification\",\"valueRequired\":true,\"valueName\":\"search_term_string\"}}],\"inLanguage\":\"ca\"},{\"@type\":\"Organization\",\"@id\":\"https:\/\/electricpablos.com\/#organization\",\"name\":\"Electric Pablos SL\",\"url\":\"https:\/\/electricpablos.com\/\",\"logo\":{\"@type\":\"ImageObject\",\"inLanguage\":\"ca\",\"@id\":\"https:\/\/electricpablos.com\/#\/schema\/logo\/image\/\",\"url\":\"https:\/\/electricpablos.com\/wp-content\/uploads\/2024\/11\/logo.png\",\"contentUrl\":\"https:\/\/electricpablos.com\/wp-content\/uploads\/2024\/11\/logo.png\",\"width\":500,\"height\":370,\"caption\":\"Electric Pablos SL\"},\"image\":{\"@id\":\"https:\/\/electricpablos.com\/#\/schema\/logo\/image\/\"},\"sameAs\":[\"https:\/\/www.facebook.com\/electricpablos\",\"https:\/\/www.instagram.com\/electric_pablos_s.l\/\"]}]}<\/script>\n<!-- \/ Yoast SEO plugin. -->","yoast_head_json":{"title":"Instal\u00b7lacions d'aigua - Electric Pablos","description":"Realitzem tot tipus d'instal\u00b7lacions d'aigua potable i sanit\u00e0ria, tant a habitatges com a empreses amb un equip professional.","robots":{"index":"index","follow":"follow","max-snippet":"max-snippet:-1","max-image-preview":"max-image-preview:large","max-video-preview":"max-video-preview:-1"},"canonical":"https:\/\/electricpablos.com\/ca\/serveis\/installacions-daigua\/","og_locale":"ca_ES","og_type":"article","og_title":"Instal\u00b7lacions d'aigua - Electric Pablos","og_description":"Realitzem tot tipus d'instal\u00b7lacions d'aigua potable i sanit\u00e0ria, tant a habitatges com a empreses amb un equip professional.","og_url":"https:\/\/electricpablos.com\/ca\/serveis\/installacions-daigua\/","og_site_name":"Electric Pablos","article_publisher":"https:\/\/www.facebook.com\/electricpablos","article_modified_time":"2025-04-14T08:22:52+00:00","og_image":[{"width":973,"height":664,"url":"https:\/\/electricpablos.com\/wp-content\/uploads\/2025\/04\/fontaneria-1.jpg","type":"image\/jpeg"}],"twitter_card":"summary_large_image","twitter_misc":{"Temps estimat de lectura":"1 minut"},"schema":{"@context":"https:\/\/schema.org","@graph":[{"@type":"WebPage","@id":"https:\/\/electricpablos.com\/ca\/serveis\/installacions-daigua\/","url":"https:\/\/electricpablos.com\/ca\/serveis\/installacions-daigua\/","name":"Instal\u00b7lacions d'aigua - Electric Pablos","isPartOf":{"@id":"https:\/\/electricpablos.com\/#website"},"primaryImageOfPage":{"@id":"https:\/\/electricpablos.com\/ca\/serveis\/installacions-daigua\/#primaryimage"},"image":{"@id":"https:\/\/electricpablos.com\/ca\/serveis\/installacions-daigua\/#primaryimage"},"thumbnailUrl":"https:\/\/electricpablos.com\/wp-content\/uploads\/2025\/04\/fontaneria-1.jpg","datePublished":"2025-01-07T13:24:27+00:00","dateModified":"2025-04-14T08:22:52+00:00","description":"Realitzem tot tipus d'instal\u00b7lacions d'aigua potable i sanit\u00e0ria, tant a habitatges com a empreses amb un equip professional.","breadcrumb":{"@id":"https:\/\/electricpablos.com\/ca\/serveis\/installacions-daigua\/#breadcrumb"},"inLanguage":"ca","potentialAction":[{"@type":"ReadAction","target":["https:\/\/electricpablos.com\/ca\/serveis\/installacions-daigua\/"]}]},{"@type":"ImageObject","inLanguage":"ca","@id":"https:\/\/electricpablos.com\/ca\/serveis\/installacions-daigua\/#primaryimage","url":"https:\/\/electricpablos.com\/wp-content\/uploads\/2025\/04\/fontaneria-1.jpg","contentUrl":"https:\/\/electricpablos.com\/wp-content\/uploads\/2025\/04\/fontaneria-1.jpg","width":973,"height":664,"caption":"Instalaciones de agua"},{"@type":"BreadcrumbList","@id":"https:\/\/electricpablos.com\/ca\/serveis\/installacions-daigua\/#breadcrumb","itemListElement":[{"@type":"ListItem","position":1,"name":"Portada","item":"https:\/\/electricpablos.com\/ca\/"},{"@type":"ListItem","position":2,"name":"Serveis","item":"https:\/\/electricpablos.com\/ca\/serveis\/"},{"@type":"ListItem","position":3,"name":"Instal\u00b7lacions d&#8217;aigua"}]},{"@type":"WebSite","@id":"https:\/\/electricpablos.com\/#website","url":"https:\/\/electricpablos.com\/","name":"Electric Pablos SL","description":"","publisher":{"@id":"https:\/\/electricpablos.com\/#organization"},"potentialAction":[{"@type":"SearchAction","target":{"@type":"EntryPoint","urlTemplate":"https:\/\/electricpablos.com\/?s={search_term_string}"},"query-input":{"@type":"PropertyValueSpecification","valueRequired":true,"valueName":"search_term_string"}}],"inLanguage":"ca"},{"@type":"Organization","@id":"https:\/\/electricpablos.com\/#organization","name":"Electric Pablos SL","url":"https:\/\/electricpablos.com\/","logo":{"@type":"ImageObject","inLanguage":"ca","@id":"https:\/\/electricpablos.com\/#\/schema\/logo\/image\/","url":"https:\/\/electricpablos.com\/wp-content\/uploads\/2024\/11\/logo.png","contentUrl":"https:\/\/electricpablos.com\/wp-content\/uploads\/2024\/11\/logo.png","width":500,"height":370,"caption":"Electric Pablos SL"},"image":{"@id":"https:\/\/electricpablos.com\/#\/schema\/logo\/image\/"},"sameAs":["https:\/\/www.facebook.com\/electricpablos","https:\/\/www.instagram.com\/electric_pablos_s.l\/"]}]}},"_links":{"self":[{"href":"https:\/\/electricpablos.com\/ca\/wp-json\/wp\/v2\/pages\/1692","targetHints":{"allow":["GET"]}}],"collection":[{"href":"https:\/\/electricpablos.com\/ca\/wp-json\/wp\/v2\/pages"}],"about":[{"href":"https:\/\/electricpablos.com\/ca\/wp-json\/wp\/v2\/types\/page"}],"author":[{"embeddable":true,"href":"https:\/\/electricpablos.com\/ca\/wp-json\/wp\/v2\/users\/1"}],"replies":[{"embeddable":true,"href":"https:\/\/electricpablos.com\/ca\/wp-json\/wp\/v2\/comments?post=1692"}],"version-history":[{"count":1,"href":"https:\/\/electricpablos.com\/ca\/wp-json\/wp\/v2\/pages\/1692\/revisions"}],"predecessor-version":[{"id":1693,"href":"https:\/\/electricpablos.com\/ca\/wp-json\/wp\/v2\/pages\/1692\/revisions\/1693"}],"up":[{"embeddable":true,"href":"https:\/\/electricpablos.com\/ca\/wp-json\/wp\/v2\/pages\/1702"}],"wp:featuredmedia":[{"embeddable":true,"href":"https:\/\/electricpablos.com\/ca\/wp-json\/wp\/v2\/media\/1508"}],"wp:attachment":[{"href":"https:\/\/electricpablos.com\/ca\/wp-json\/wp\/v2\/media?parent=1692"}],"curies":[{"name":"wp","href":"https:\/\/api.w.org\/{rel}","templated":true}]}}