{"id":1689,"date":"2025-01-07T14:26:17","date_gmt":"2025-01-07T13:26:17","guid":{"rendered":"https:\/\/electricpablos.com\/installacions-de-calefaccio\/"},"modified":"2025-04-14T10:22:53","modified_gmt":"2025-04-14T08:22:53","slug":"installacions-de-calefaccio","status":"publish","type":"page","link":"https:\/\/electricpablos.com\/ca\/serveis\/installacions-de-calefaccio\/","title":{"rendered":"Instal\u00b7lacions de calefacci\u00f3"},"content":{"rendered":"\t\t<div data-elementor-type=\"wp-page\" data-elementor-id=\"1689\" class=\"elementor elementor-1689 elementor-839\">\n\t\t\t\t\t\t<section class=\"elementor-section elementor-top-section elementor-element elementor-element-482615b5 elementor-section-boxed elementor-section-height-default elementor-section-height-default wpr-particle-no wpr-jarallax-no wpr-parallax-no wpr-sticky-section-no\" data-id=\"482615b5\" data-element_type=\"section\" data-e-type=\"section\">\n\t\t\t\t\t\t<div class=\"elementor-container elementor-column-gap-extended\">\n\t\t\t\t\t<div class=\"elementor-column elementor-col-50 elementor-top-column elementor-element elementor-element-1a7685ca\" data-id=\"1a7685ca\" data-element_type=\"column\" data-e-type=\"column\">\n\t\t\t<div class=\"elementor-widget-wrap elementor-element-populated\">\n\t\t\t\t\t\t<div class=\"elementor-element elementor-element-5e0bfbc7 elementor-widget elementor-widget-heading\" data-id=\"5e0bfbc7\" data-element_type=\"widget\" data-e-type=\"widget\" data-widget_type=\"heading.default\">\n\t\t\t\t<div class=\"elementor-widget-container\">\n\t\t\t\t\t<h2 class=\"elementor-heading-title elementor-size-default\">Manteniment, reparaci\u00f3 i instal\u00b7lacions de calefacci\u00f3<\/h2>\t\t\t\t<\/div>\n\t\t\t\t<\/div>\n\t\t\t\t<div class=\"elementor-element elementor-element-1a612c7e elementor-widget elementor-widget-text-editor\" data-id=\"1a612c7e\" data-element_type=\"widget\" data-e-type=\"widget\" data-widget_type=\"text-editor.default\">\n\t\t\t\t<div class=\"elementor-widget-container\">\n\t\t\t\t\t\t\t\t\t<p>A Electric Pablos SL som especialistes en<strong> instal\u00b7lacions de calefacci\u00f3<\/strong> per a habitatges, locals comercials, oficines, comunitats de ve\u00efns, bars i restaurants.<\/p><p>Realitzem des d&#8217;instal\u00b7lacions completes a <strong>obra nova o reformes<\/strong>, fins al manteniment i reparaci\u00f3 de sistemes ja existents, amb professionals certificats i m\u00e9s de 40 anys d&#8217;experi\u00e8ncia al sector.<\/p>\t\t\t\t\t\t\t\t<\/div>\n\t\t\t\t<\/div>\n\t\t\t\t\t<\/div>\n\t\t<\/div>\n\t\t\t\t<div class=\"elementor-column elementor-col-50 elementor-top-column elementor-element elementor-element-683a097f\" data-id=\"683a097f\" data-element_type=\"column\" data-e-type=\"column\">\n\t\t\t<div class=\"elementor-widget-wrap elementor-element-populated\">\n\t\t\t\t\t\t<div class=\"elementor-element elementor-element-12c2686d elementor-widget elementor-widget-image\" data-id=\"12c2686d\" data-element_type=\"widget\" data-e-type=\"widget\" data-widget_type=\"image.default\">\n\t\t\t\t<div class=\"elementor-widget-container\">\n\t\t\t\t\t\t\t\t\t\t\t\t\t\t\t<img fetchpriority=\"high\" decoding=\"async\" width=\"900\" height=\"601\" src=\"https:\/\/electricpablos.com\/wp-content\/uploads\/2025\/04\/calefaccion-2.jpg\" class=\"attachment-large size-large wp-image-1532\" alt=\"Instalaciones de calefaccion\" srcset=\"https:\/\/electricpablos.com\/wp-content\/uploads\/2025\/04\/calefaccion-2.jpg 900w, https:\/\/electricpablos.com\/wp-content\/uploads\/2025\/04\/calefaccion-2-768x513.jpg 768w\" sizes=\"(max-width: 900px) 100vw, 900px\" \/>\t\t\t\t\t\t\t\t\t\t\t\t\t\t\t<\/div>\n\t\t\t\t<\/div>\n\t\t\t\t\t<\/div>\n\t\t<\/div>\n\t\t\t\t\t<\/div>\n\t\t<\/section>\n\t\t\t\t<section class=\"elementor-section elementor-top-section elementor-element elementor-element-42e6f3a5 elementor-section-boxed elementor-section-height-default elementor-section-height-default wpr-particle-no wpr-jarallax-no wpr-parallax-no wpr-sticky-section-no\" data-id=\"42e6f3a5\" data-element_type=\"section\" data-e-type=\"section\" data-settings=\"{&quot;background_background&quot;:&quot;classic&quot;}\">\n\t\t\t\t\t\t<div class=\"elementor-container elementor-column-gap-extended\">\n\t\t\t\t\t<div class=\"elementor-column elementor-col-50 elementor-top-column elementor-element elementor-element-2a6c4e70\" data-id=\"2a6c4e70\" data-element_type=\"column\" data-e-type=\"column\">\n\t\t\t<div class=\"elementor-widget-wrap elementor-element-populated\">\n\t\t\t\t\t\t<div class=\"elementor-element elementor-element-6a022d3d elementor-widget elementor-widget-heading\" data-id=\"6a022d3d\" data-element_type=\"widget\" data-e-type=\"widget\" data-widget_type=\"heading.default\">\n\t\t\t\t<div class=\"elementor-widget-container\">\n\t\t\t\t\t<h3 class=\"elementor-heading-title elementor-size-default\">Els nostres serveis en calefacci\u00f3 inclouen:<\/h3>\t\t\t\t<\/div>\n\t\t\t\t<\/div>\n\t\t\t\t<div class=\"elementor-element elementor-element-59747b2c elementor-widget elementor-widget-text-editor\" data-id=\"59747b2c\" data-element_type=\"widget\" data-e-type=\"widget\" data-widget_type=\"text-editor.default\">\n\t\t\t\t<div class=\"elementor-widget-container\">\n\t\t\t\t\t\t\t\t\t<ul><li>Instal\u00b7laci\u00f3 de calderes de gas, gasoil o el\u00e8ctriques.<\/li><li>Muntatge i substituci\u00f3 de radiadors, tovallolers i emissors t\u00e8rmics.<\/li><li>Instal\u00b7laci\u00f3 de terra radiant per a una distribuci\u00f3 homog\u00e8nia de la calor.<\/li><li>Sistemes de calefacci\u00f3 amb aerot\u00e8rmia, combinats amb radiadors o fan coils.<\/li><li>Revisi\u00f3, neteja i manteniment de calderes i circuits de calefacci\u00f3.<\/li><li>Optimitzaci\u00f3 del rendiment energ\u00e8tic i reducci\u00f3 del consum.<\/li><li>Legalitzaci\u00f3 i certificats oficials per a les instal\u00b7lacions realitzades.<\/li><\/ul>\t\t\t\t\t\t\t\t<\/div>\n\t\t\t\t<\/div>\n\t\t\t\t<div class=\"elementor-element elementor-element-b2f79db elementor-widget elementor-widget-text-editor\" data-id=\"b2f79db\" data-element_type=\"widget\" data-e-type=\"widget\" data-widget_type=\"text-editor.default\">\n\t\t\t\t<div class=\"elementor-widget-container\">\n\t\t\t\t\t\t\t\t\t<p>Treballem amb marques capdavanteres com <strong>Vaillant, Baxi, Junkers, Saunier Duval, Viessmann, Bosch, Ducasa<\/strong>, entre d&#8217;altres, garantint equips eficients, segurs i duradors.<\/p>\t\t\t\t\t\t\t\t<\/div>\n\t\t\t\t<\/div>\n\t\t\t\t\t<\/div>\n\t\t<\/div>\n\t\t\t\t<div class=\"elementor-column elementor-col-50 elementor-top-column elementor-element elementor-element-1ead63d\" data-id=\"1ead63d\" data-element_type=\"column\" data-e-type=\"column\">\n\t\t\t<div class=\"elementor-widget-wrap elementor-element-populated\">\n\t\t\t\t\t\t<div class=\"elementor-element elementor-element-a7ea156 elementor-widget elementor-widget-image\" data-id=\"a7ea156\" data-element_type=\"widget\" data-e-type=\"widget\" data-widget_type=\"image.default\">\n\t\t\t\t<div class=\"elementor-widget-container\">\n\t\t\t\t\t\t\t\t\t\t\t\t\t\t\t<img decoding=\"async\" width=\"740\" height=\"932\" src=\"https:\/\/electricpablos.com\/wp-content\/uploads\/2025\/04\/calefaccion-1.jpg\" class=\"attachment-large size-large wp-image-1542\" alt=\"instalaciones de calefacci\u00f3n\" \/>\t\t\t\t\t\t\t\t\t\t\t\t\t\t\t<\/div>\n\t\t\t\t<\/div>\n\t\t\t\t\t<\/div>\n\t\t<\/div>\n\t\t\t\t\t<\/div>\n\t\t<\/section>\n\t\t\t\t<section class=\"elementor-section elementor-top-section elementor-element elementor-element-6dc1ba80 elementor-section-boxed elementor-section-height-default elementor-section-height-default wpr-particle-no wpr-jarallax-no wpr-parallax-no wpr-sticky-section-no\" data-id=\"6dc1ba80\" data-element_type=\"section\" data-e-type=\"section\" data-settings=\"{&quot;background_background&quot;:&quot;classic&quot;}\">\n\t\t\t\t\t\t<div class=\"elementor-container elementor-column-gap-extended\">\n\t\t\t\t\t<div class=\"elementor-column elementor-col-50 elementor-top-column elementor-element elementor-element-78c7a0ab\" data-id=\"78c7a0ab\" data-element_type=\"column\" data-e-type=\"column\">\n\t\t\t<div class=\"elementor-widget-wrap elementor-element-populated\">\n\t\t\t\t\t\t<div class=\"elementor-element elementor-element-d1c8eb8 elementor-widget elementor-widget-heading\" data-id=\"d1c8eb8\" data-element_type=\"widget\" data-e-type=\"widget\" data-widget_type=\"heading.default\">\n\t\t\t\t<div class=\"elementor-widget-container\">\n\t\t\t\t\t<h2 class=\"elementor-heading-title elementor-size-default\">Per qu\u00e8 escollir-nos per a la teva instal\u00b7laci\u00f3 de calefacci\u00f3?<\/h2>\t\t\t\t<\/div>\n\t\t\t\t<\/div>\n\t\t\t\t<div class=\"elementor-element elementor-element-6898771 elementor-widget elementor-widget-text-editor\" data-id=\"6898771\" data-element_type=\"widget\" data-e-type=\"widget\" data-widget_type=\"text-editor.default\">\n\t\t\t\t<div class=\"elementor-widget-container\">\n\t\t\t\t\t\t\t\t\t<ul><li>Servei professional i personalitzat.<\/li><li>Assessorament t\u00e8cnic per triar el sistema que s&#8217;adapta millor al teu espai.<\/li><li>Atenci\u00f3 r\u00e0pida i efica\u00e7.<\/li><li>Complim tota la normativa vigent i oferim garantia d&#8217;instal\u00b7laci\u00f3.<\/li><\/ul>\t\t\t\t\t\t\t\t<\/div>\n\t\t\t\t<\/div>\n\t\t\t\t<div class=\"elementor-element elementor-element-07a916e elementor-widget elementor-widget-text-editor\" data-id=\"07a916e\" data-element_type=\"widget\" data-e-type=\"widget\" data-widget_type=\"text-editor.default\">\n\t\t\t\t<div class=\"elementor-widget-container\">\n\t\t\t\t\t\t\t\t\t<p><strong>Demana <a href=\"https:\/\/electricpablos.com\/ca\/contacte\/\">pressupost <\/a>sense comprom\u00eds i gaudeix del confort a casa teva o negoci tot l&#8217;any.<\/strong><\/p>\t\t\t\t\t\t\t\t<\/div>\n\t\t\t\t<\/div>\n\t\t\t\t\t<\/div>\n\t\t<\/div>\n\t\t\t\t<div class=\"elementor-column elementor-col-50 elementor-top-column elementor-element elementor-element-5f2c7427\" data-id=\"5f2c7427\" data-element_type=\"column\" data-e-type=\"column\">\n\t\t\t<div class=\"elementor-widget-wrap\">\n\t\t\t\t\t\t\t<\/div>\n\t\t<\/div>\n\t\t\t\t\t<\/div>\n\t\t<\/section>\n\t\t\t\t<\/div>\n\t\t","protected":false},"excerpt":{"rendered":"<p>Manteniment, reparaci\u00f3 i instal\u00b7lacions de calefacci\u00f3 A Electric Pablos SL som especialistes en instal\u00b7lacions de calefacci\u00f3 per a habitatges, locals<\/p>\n","protected":false},"author":1,"featured_media":1532,"parent":1702,"menu_order":0,"comment_status":"closed","ping_status":"closed","template":"","meta":{"_monsterinsights_skip_tracking":false,"_monsterinsights_sitenote_active":false,"_monsterinsights_sitenote_note":"","_monsterinsights_sitenote_category":0,"site-sidebar-layout":"no-sidebar","site-content-layout":"","ast-site-content-layout":"full-width-container","site-content-style":"default","site-sidebar-style":"default","ast-global-header-display":"","ast-banner-title-visibility":"","ast-main-header-display":"","ast-hfb-above-header-display":"","ast-hfb-below-header-display":"","ast-hfb-mobile-header-display":"","site-post-title":"disabled","ast-breadcrumbs-content":"","ast-featured-img":"disabled","footer-sml-layout":"","ast-disable-related-posts":"","theme-transparent-header-meta":"default","adv-header-id-meta":"694","stick-header-meta":"default","header-above-stick-meta":"","header-main-stick-meta":"","header-below-stick-meta":"","astra-migrate-meta-layouts":"default","ast-page-background-enabled":"default","ast-page-background-meta":{"desktop":{"background-color":"var(--ast-global-color-4)","background-image":"","background-repeat":"repeat","background-position":"center center","background-size":"auto","background-attachment":"scroll","background-type":"","background-media":"","overlay-type":"","overlay-color":"","overlay-opacity":"","overlay-gradient":""},"tablet":{"background-color":"","background-image":"","background-repeat":"repeat","background-position":"center center","background-size":"auto","background-attachment":"scroll","background-type":"","background-media":"","overlay-type":"","overlay-color":"","overlay-opacity":"","overlay-gradient":""},"mobile":{"background-color":"","background-image":"","background-repeat":"repeat","background-position":"center center","background-size":"auto","background-attachment":"scroll","background-type":"","background-media":"","overlay-type":"","overlay-color":"","overlay-opacity":"","overlay-gradient":""}},"ast-content-background-meta":{"desktop":{"background-color":"var(--ast-global-color-5)","background-image":"","background-repeat":"repeat","background-position":"center center","background-size":"auto","background-attachment":"scroll","background-type":"","background-media":"","overlay-type":"","overlay-color":"","overlay-opacity":"","overlay-gradient":""},"tablet":{"background-color":"var(--ast-global-color-5)","background-image":"","background-repeat":"repeat","background-position":"center center","background-size":"auto","background-attachment":"scroll","background-type":"","background-media":"","overlay-type":"","overlay-color":"","overlay-opacity":"","overlay-gradient":""},"mobile":{"background-color":"var(--ast-global-color-5)","background-image":"","background-repeat":"repeat","background-position":"center center","background-size":"auto","background-attachment":"scroll","background-type":"","background-media":"","overlay-type":"","overlay-color":"","overlay-opacity":"","overlay-gradient":""}},"footnotes":""},"class_list":["post-1689","page","type-page","status-publish","has-post-thumbnail","hentry"],"yoast_head":"<!-- This site is optimized with the Yoast SEO plugin v27.2 - https:\/\/yoast.com\/product\/yoast-seo-wordpress\/ -->\n<title>Instal\u00b7lacions de calefacci\u00f3 - Electric Pablos<\/title>\n<meta name=\"description\" content=\"Som especialistes en instal\u00b7lacions de calefacci\u00f3 per a habitatges, locals comercials, oficines, comunitats, bars i restaurants.\" \/>\n<meta name=\"robots\" content=\"index, follow, max-snippet:-1, max-image-preview:large, max-video-preview:-1\" \/>\n<link rel=\"canonical\" href=\"https:\/\/electricpablos.com\/ca\/serveis\/installacions-de-calefaccio\/\" \/>\n<meta property=\"og:locale\" content=\"ca_ES\" \/>\n<meta property=\"og:type\" content=\"article\" \/>\n<meta property=\"og:title\" content=\"Instal\u00b7lacions de calefacci\u00f3 - Electric Pablos\" \/>\n<meta property=\"og:description\" content=\"Som especialistes en instal\u00b7lacions de calefacci\u00f3 per a habitatges, locals comercials, oficines, comunitats, bars i restaurants.\" \/>\n<meta property=\"og:url\" content=\"https:\/\/electricpablos.com\/ca\/serveis\/installacions-de-calefaccio\/\" \/>\n<meta property=\"og:site_name\" content=\"Electric Pablos\" \/>\n<meta property=\"article:publisher\" content=\"https:\/\/www.facebook.com\/electricpablos\" \/>\n<meta property=\"article:modified_time\" content=\"2025-04-14T08:22:53+00:00\" \/>\n<meta property=\"og:image\" content=\"https:\/\/electricpablos.com\/wp-content\/uploads\/2025\/04\/calefaccion-2.jpg\" \/>\n\t<meta property=\"og:image:width\" content=\"900\" \/>\n\t<meta property=\"og:image:height\" content=\"601\" \/>\n\t<meta property=\"og:image:type\" content=\"image\/jpeg\" \/>\n<meta name=\"twitter:card\" content=\"summary_large_image\" \/>\n<meta name=\"twitter:label1\" content=\"Temps estimat de lectura\" \/>\n\t<meta name=\"twitter:data1\" content=\"1 minut\" \/>\n<script type=\"application\/ld+json\" class=\"yoast-schema-graph\">{\"@context\":\"https:\/\/schema.org\",\"@graph\":[{\"@type\":\"WebPage\",\"@id\":\"https:\/\/electricpablos.com\/ca\/serveis\/installacions-de-calefaccio\/\",\"url\":\"https:\/\/electricpablos.com\/ca\/serveis\/installacions-de-calefaccio\/\",\"name\":\"Instal\u00b7lacions de calefacci\u00f3 - Electric Pablos\",\"isPartOf\":{\"@id\":\"https:\/\/electricpablos.com\/#website\"},\"primaryImageOfPage\":{\"@id\":\"https:\/\/electricpablos.com\/ca\/serveis\/installacions-de-calefaccio\/#primaryimage\"},\"image\":{\"@id\":\"https:\/\/electricpablos.com\/ca\/serveis\/installacions-de-calefaccio\/#primaryimage\"},\"thumbnailUrl\":\"https:\/\/electricpablos.com\/wp-content\/uploads\/2025\/04\/calefaccion-2.jpg\",\"datePublished\":\"2025-01-07T13:26:17+00:00\",\"dateModified\":\"2025-04-14T08:22:53+00:00\",\"description\":\"Som especialistes en instal\u00b7lacions de calefacci\u00f3 per a habitatges, locals comercials, oficines, comunitats, bars i restaurants.\",\"breadcrumb\":{\"@id\":\"https:\/\/electricpablos.com\/ca\/serveis\/installacions-de-calefaccio\/#breadcrumb\"},\"inLanguage\":\"ca\",\"potentialAction\":[{\"@type\":\"ReadAction\",\"target\":[\"https:\/\/electricpablos.com\/ca\/serveis\/installacions-de-calefaccio\/\"]}]},{\"@type\":\"ImageObject\",\"inLanguage\":\"ca\",\"@id\":\"https:\/\/electricpablos.com\/ca\/serveis\/installacions-de-calefaccio\/#primaryimage\",\"url\":\"https:\/\/electricpablos.com\/wp-content\/uploads\/2025\/04\/calefaccion-2.jpg\",\"contentUrl\":\"https:\/\/electricpablos.com\/wp-content\/uploads\/2025\/04\/calefaccion-2.jpg\",\"width\":900,\"height\":601,\"caption\":\"Instalaciones de calefaccion\"},{\"@type\":\"BreadcrumbList\",\"@id\":\"https:\/\/electricpablos.com\/ca\/serveis\/installacions-de-calefaccio\/#breadcrumb\",\"itemListElement\":[{\"@type\":\"ListItem\",\"position\":1,\"name\":\"Portada\",\"item\":\"https:\/\/electricpablos.com\/ca\/\"},{\"@type\":\"ListItem\",\"position\":2,\"name\":\"Serveis\",\"item\":\"https:\/\/electricpablos.com\/ca\/serveis\/\"},{\"@type\":\"ListItem\",\"position\":3,\"name\":\"Instal\u00b7lacions de calefacci\u00f3\"}]},{\"@type\":\"WebSite\",\"@id\":\"https:\/\/electricpablos.com\/#website\",\"url\":\"https:\/\/electricpablos.com\/\",\"name\":\"Electric Pablos SL\",\"description\":\"\",\"publisher\":{\"@id\":\"https:\/\/electricpablos.com\/#organization\"},\"potentialAction\":[{\"@type\":\"SearchAction\",\"target\":{\"@type\":\"EntryPoint\",\"urlTemplate\":\"https:\/\/electricpablos.com\/?s={search_term_string}\"},\"query-input\":{\"@type\":\"PropertyValueSpecification\",\"valueRequired\":true,\"valueName\":\"search_term_string\"}}],\"inLanguage\":\"ca\"},{\"@type\":\"Organization\",\"@id\":\"https:\/\/electricpablos.com\/#organization\",\"name\":\"Electric Pablos SL\",\"url\":\"https:\/\/electricpablos.com\/\",\"logo\":{\"@type\":\"ImageObject\",\"inLanguage\":\"ca\",\"@id\":\"https:\/\/electricpablos.com\/#\/schema\/logo\/image\/\",\"url\":\"https:\/\/electricpablos.com\/wp-content\/uploads\/2024\/11\/logo.png\",\"contentUrl\":\"https:\/\/electricpablos.com\/wp-content\/uploads\/2024\/11\/logo.png\",\"width\":500,\"height\":370,\"caption\":\"Electric Pablos SL\"},\"image\":{\"@id\":\"https:\/\/electricpablos.com\/#\/schema\/logo\/image\/\"},\"sameAs\":[\"https:\/\/www.facebook.com\/electricpablos\",\"https:\/\/www.instagram.com\/electric_pablos_s.l\/\"]}]}<\/script>\n<!-- \/ Yoast SEO plugin. -->","yoast_head_json":{"title":"Instal\u00b7lacions de calefacci\u00f3 - Electric Pablos","description":"Som especialistes en instal\u00b7lacions de calefacci\u00f3 per a habitatges, locals comercials, oficines, comunitats, bars i restaurants.","robots":{"index":"index","follow":"follow","max-snippet":"max-snippet:-1","max-image-preview":"max-image-preview:large","max-video-preview":"max-video-preview:-1"},"canonical":"https:\/\/electricpablos.com\/ca\/serveis\/installacions-de-calefaccio\/","og_locale":"ca_ES","og_type":"article","og_title":"Instal\u00b7lacions de calefacci\u00f3 - Electric Pablos","og_description":"Som especialistes en instal\u00b7lacions de calefacci\u00f3 per a habitatges, locals comercials, oficines, comunitats, bars i restaurants.","og_url":"https:\/\/electricpablos.com\/ca\/serveis\/installacions-de-calefaccio\/","og_site_name":"Electric Pablos","article_publisher":"https:\/\/www.facebook.com\/electricpablos","article_modified_time":"2025-04-14T08:22:53+00:00","og_image":[{"width":900,"height":601,"url":"https:\/\/electricpablos.com\/wp-content\/uploads\/2025\/04\/calefaccion-2.jpg","type":"image\/jpeg"}],"twitter_card":"summary_large_image","twitter_misc":{"Temps estimat de lectura":"1 minut"},"schema":{"@context":"https:\/\/schema.org","@graph":[{"@type":"WebPage","@id":"https:\/\/electricpablos.com\/ca\/serveis\/installacions-de-calefaccio\/","url":"https:\/\/electricpablos.com\/ca\/serveis\/installacions-de-calefaccio\/","name":"Instal\u00b7lacions de calefacci\u00f3 - Electric Pablos","isPartOf":{"@id":"https:\/\/electricpablos.com\/#website"},"primaryImageOfPage":{"@id":"https:\/\/electricpablos.com\/ca\/serveis\/installacions-de-calefaccio\/#primaryimage"},"image":{"@id":"https:\/\/electricpablos.com\/ca\/serveis\/installacions-de-calefaccio\/#primaryimage"},"thumbnailUrl":"https:\/\/electricpablos.com\/wp-content\/uploads\/2025\/04\/calefaccion-2.jpg","datePublished":"2025-01-07T13:26:17+00:00","dateModified":"2025-04-14T08:22:53+00:00","description":"Som especialistes en instal\u00b7lacions de calefacci\u00f3 per a habitatges, locals comercials, oficines, comunitats, bars i restaurants.","breadcrumb":{"@id":"https:\/\/electricpablos.com\/ca\/serveis\/installacions-de-calefaccio\/#breadcrumb"},"inLanguage":"ca","potentialAction":[{"@type":"ReadAction","target":["https:\/\/electricpablos.com\/ca\/serveis\/installacions-de-calefaccio\/"]}]},{"@type":"ImageObject","inLanguage":"ca","@id":"https:\/\/electricpablos.com\/ca\/serveis\/installacions-de-calefaccio\/#primaryimage","url":"https:\/\/electricpablos.com\/wp-content\/uploads\/2025\/04\/calefaccion-2.jpg","contentUrl":"https:\/\/electricpablos.com\/wp-content\/uploads\/2025\/04\/calefaccion-2.jpg","width":900,"height":601,"caption":"Instalaciones de calefaccion"},{"@type":"BreadcrumbList","@id":"https:\/\/electricpablos.com\/ca\/serveis\/installacions-de-calefaccio\/#breadcrumb","itemListElement":[{"@type":"ListItem","position":1,"name":"Portada","item":"https:\/\/electricpablos.com\/ca\/"},{"@type":"ListItem","position":2,"name":"Serveis","item":"https:\/\/electricpablos.com\/ca\/serveis\/"},{"@type":"ListItem","position":3,"name":"Instal\u00b7lacions de calefacci\u00f3"}]},{"@type":"WebSite","@id":"https:\/\/electricpablos.com\/#website","url":"https:\/\/electricpablos.com\/","name":"Electric Pablos SL","description":"","publisher":{"@id":"https:\/\/electricpablos.com\/#organization"},"potentialAction":[{"@type":"SearchAction","target":{"@type":"EntryPoint","urlTemplate":"https:\/\/electricpablos.com\/?s={search_term_string}"},"query-input":{"@type":"PropertyValueSpecification","valueRequired":true,"valueName":"search_term_string"}}],"inLanguage":"ca"},{"@type":"Organization","@id":"https:\/\/electricpablos.com\/#organization","name":"Electric Pablos SL","url":"https:\/\/electricpablos.com\/","logo":{"@type":"ImageObject","inLanguage":"ca","@id":"https:\/\/electricpablos.com\/#\/schema\/logo\/image\/","url":"https:\/\/electricpablos.com\/wp-content\/uploads\/2024\/11\/logo.png","contentUrl":"https:\/\/electricpablos.com\/wp-content\/uploads\/2024\/11\/logo.png","width":500,"height":370,"caption":"Electric Pablos SL"},"image":{"@id":"https:\/\/electricpablos.com\/#\/schema\/logo\/image\/"},"sameAs":["https:\/\/www.facebook.com\/electricpablos","https:\/\/www.instagram.com\/electric_pablos_s.l\/"]}]}},"_links":{"self":[{"href":"https:\/\/electricpablos.com\/ca\/wp-json\/wp\/v2\/pages\/1689","targetHints":{"allow":["GET"]}}],"collection":[{"href":"https:\/\/electricpablos.com\/ca\/wp-json\/wp\/v2\/pages"}],"about":[{"href":"https:\/\/electricpablos.com\/ca\/wp-json\/wp\/v2\/types\/page"}],"author":[{"embeddable":true,"href":"https:\/\/electricpablos.com\/ca\/wp-json\/wp\/v2\/users\/1"}],"replies":[{"embeddable":true,"href":"https:\/\/electricpablos.com\/ca\/wp-json\/wp\/v2\/comments?post=1689"}],"version-history":[{"count":2,"href":"https:\/\/electricpablos.com\/ca\/wp-json\/wp\/v2\/pages\/1689\/revisions"}],"predecessor-version":[{"id":1691,"href":"https:\/\/electricpablos.com\/ca\/wp-json\/wp\/v2\/pages\/1689\/revisions\/1691"}],"up":[{"embeddable":true,"href":"https:\/\/electricpablos.com\/ca\/wp-json\/wp\/v2\/pages\/1702"}],"wp:featuredmedia":[{"embeddable":true,"href":"https:\/\/electricpablos.com\/ca\/wp-json\/wp\/v2\/media\/1532"}],"wp:attachment":[{"href":"https:\/\/electricpablos.com\/ca\/wp-json\/wp\/v2\/media?parent=1689"}],"curies":[{"name":"wp","href":"https:\/\/api.w.org\/{rel}","templated":true}]}}