{"id":1681,"date":"2024-11-20T13:30:51","date_gmt":"2024-11-20T12:30:51","guid":{"rendered":"https:\/\/electricpablos.com\/politica-de-privacitat\/"},"modified":"2024-11-20T13:30:51","modified_gmt":"2024-11-20T12:30:51","slug":"politica-de-privacitat","status":"publish","type":"page","link":"https:\/\/electricpablos.com\/ca\/politica-de-privacitat\/","title":{"rendered":"Pol\u00edtica de privacitat"},"content":{"rendered":"<p>El objetivo de esta pol\u00edtica es informar a los interesados acerca de los distintos tratamientos realizados por esta organizaci\u00f3n mediante la p\u00e1gina web y que afecten a sus datos personales de conformidad con lo establecido en el Reglamento (UE) 2016\/679 del Parlamento Europeo y del Consejo de 27 de abril de 2016 y en la Ley Org\u00e1nica 3\/2018, de 5 de diciembre, de Protecci\u00f3n de Datos Personales y garant\u00eda de los derechos digitales.<\/p>\n<h5><strong>1. IDENTIFICACI\u00d3N Y DATOS DE CONTACTO DEL RESPONSABLE<\/strong><\/h5>\n<p>ELECTRIC PABLOS, S.L, domiciliado en SECTOR FRANCOLI 22 (17487 EMPURIABRAVA) GIRONA, con NIF B17637612, tel\u00e9fono de contacto +34 972 45 48 81 y correo electr\u00f3nico <a href=\"https:\/\/electricpablos.com\/politica-de-privacitat\/#\">electricpablos@hotmail.com<\/a><\/p>\n<h5><strong>2. FINALIDADES DEL TRATAMIENTO DE SUS DATOS PERSONALES<\/strong><\/h5>\n<p><strong>USUARIOS\/NAVEGANTES DE LA P\u00c1GINA WEB DEL RESPONSABLE<\/strong> Trataremos los datos de car\u00e1cter personal facilitados para:<\/p>\n<p>\u2022 Atender a las solicitudes, quejas e incidencias trasladadas a trav\u00e9s de nuestros canales de contacto incorporados en la p\u00e1gina web. <br \/>\u2022 Entender el comportamiento del navegante dentro de la web con el fin de detectar posibles ataques inform\u00e1ticos a nuestra web. <br \/>\u2022 Cumplir con las obligaciones legales que nos resulten directamente aplicables y regulen nuestra actividad. <br \/>\u2022 Proteger y ejercer nuestros derechos o responder ante reclamaciones de cualquier \u00edndole. <br \/>\u2022 En su caso, env\u00edo de comunicaciones comerciales relativas a los bienes o servicios que conforman nuestra actividad y\/o noticias o boletines relacionados con nuestro sector. Su negativa a facilitarnos la autorizaci\u00f3n implicar\u00e1 la imposibilidad de enviarle informaci\u00f3n por parte de la entidad.  <br \/>\u2022 En su caso, gestionar su participaci\u00f3n en concursos y promociones que realice la entidad. Su negativa a facilitarnos la autorizaci\u00f3n implicar\u00e1 la imposibilidad de participar.  <br \/>\u2022 En su caso, enviar encuestas de satisfacci\u00f3n y\/o calidad. Su negativa a facilitarnos la autorizaci\u00f3n implicar\u00e1 la imposibilidad de evaluar el servicio prestado. <\/p>\n<h5><strong>3. BASE JUR\u00cdDICA DEL TRATAMIENTO<\/strong><\/h5>\n<p><strong>USUARIOS\/NAVEGANTES DE LA P\u00c1GINA WEB DEL RESPONSABLE<\/strong><\/p>\n<p>\u2022 En el consentimiento que nos has prestado para tratar tus datos con las finalidades indicadas. La negativa a facilitar sus datos personales conllevara la imposibilidad de tratar sus datos con las finalidades mencionadas.  <br \/>\u2022 Para cumplir con las obligaciones legales que se nos aplican. En este caso, el interesado no podr\u00e1 negarse al tratamiento de los datos personales.  <br \/>\u2022 En nuestro inter\u00e9s leg\u00edtimo de proteger nuestra imagen, negocio y trayectoria evitando ataques a nuestra p\u00e1gina web. En este caso, el interesado no podr\u00e1 negarse al tratamiento de los datos personales, aunque podr\u00e1 ejercer, en su caso, los derechos reconocidos en el apartado \u00abderechos\u00bb de la presente pol\u00edtica. <\/p>\n<h5><strong>4. COMPLEMENTOS Y HERRAMIENTAS DEL SITIO WEB<\/strong><\/h5>\n<p><strong>\u2022 Google maps<\/strong> Utilizamos Google Maps (API) con la finalidad demostrarle mapas interactivos directamente en nuestro sitio web y permitirle utilizar sus funciones. A estos efectos, debe tener en cuenta que, al utilizar el servicio, Google recabar\u00e1 y almacenar\u00e1 informaci\u00f3n sobre su uso. Le informamos que el uso de Google puede conllevar Transferencias Internacionales de Datos no basadas en una decisi\u00f3n de adecuaci\u00f3n de la Comisi\u00f3n Europea ni en el ofrecimiento de garant\u00edas adecuadas, por lo que, no cuentan con un nivel id\u00f3neo de protecci\u00f3n de conformidad con lo dispuesto por el RGPD. A los efectos oportunos, le informamos que este hecho puede conllevar ciertos riesgos para la protecci\u00f3n de sus datos de car\u00e1cter personal. Dichos riesgos derivados pueden incluir que no exista una autoridad supervisora de protecci\u00f3n equivalente y\/o unos principios de protecci\u00f3n de tratamiento de datos y\/o unos derechos de protecci\u00f3n de los interesados equivalentes. Por todo ello, le recomendamos que, de forma previa, lea detenidamente la pol\u00edtica de privacidad de nuestro proveedor haciendo clic <a href=\"https:\/\/policies.google.com\/privacy?hl=es\" target=\"_blank\" rel=\"noopener\">aqu\u00ed<\/a>.      <br \/><strong>\u2022 Google Analytics<\/strong> Siempre que contemos con su consentimiento, utilizaremos Google Analytics con fines estad\u00edsticos a efectos de comprender como interact\u00faa con nuestro sitio web o, en su caso, para conocer el rendimiento de sus campa\u00f1as publicitarias, a trav\u00e9s de las llamadas cookies. A estos efectos, debe tener en cuenta que, al utilizar el servicio, Google recabar\u00e1 y almacenar\u00e1 informaci\u00f3n con el fin de evaluar su uso del sitio web, recopilar informes sobre la actividad del sitio web y prestar otros servicios relacionados con la actividad del sitio web. Le informamos que el uso de Google puede conllevar Transferencias Internacionales de Datos no basadas en una decisi\u00f3n de adecuaci\u00f3n de la Comisi\u00f3n Europea ni en el ofrecimiento de garant\u00edas adecuadas, por lo que, no cuentan con un nivel id\u00f3neo de protecci\u00f3n de conformidad con lo dispuesto por el RGPD. A los efectos oportunos, le informamos que este hecho puede conllevar ciertos riesgos para la protecci\u00f3n de sus datos de car\u00e1cter personal. Dichos riesgos derivados pueden incluir que no exista una autoridad supervisora de protecci\u00f3n equivalente y\/o unos principios de protecci\u00f3n de tratamiento de datos y\/o unos derechos de protecci\u00f3n de los interesados equivalentes. Por todo ello, le recomendamos que, de forma previa, lea detenidamente la pol\u00edtica de privacidad de nuestro proveedor haciendo clic <a href=\"https:\/\/policies.google.com\/privacy?hl=es\" target=\"_blank\" rel=\"noopener\">aqu\u00ed<\/a>.     <\/p>\n<h5><strong>5. PLAZOS O CRITERIOS DE CONSERVACI\u00d3N DE LOS DATOS<\/strong><\/h5>\n<p>Los datos personales proporcionados se conservar\u00e1n durante el tiempo necesario para cumplir con las finalidades para los que fueron recopilados inicialmente. Una vez que los datos dejen de ser necesarios para el tratamiento en cuesti\u00f3n, estos se mantendr\u00e1n debidamente bloqueados para, en su caso, ponerlos a disposici\u00f3n de las Administraciones y Organismos P\u00fablicas competentes, Jueces y Tribunales o el Ministerio Fiscal, durante el plazo de prescripci\u00f3n de las acciones que pudieran derivarse de la relaci\u00f3n mantenida con el cliente y\/o los plazos de conservaci\u00f3n previstos legalmente. <\/p>\n<h5><strong>6. DECISIONES AUTOMATIZADAS Y ELABORACI\u00d3N DE PERFILES<\/strong><\/h5>\n<p>La p\u00e1gina web no toma decisiones automatizadas ni elabora perfiles.<\/p>\n<h5><strong>7. DESTINATARIOS<\/strong><\/h5>\n<p>Durante el periodo de duraci\u00f3n del tratamiento de sus datos personales, la organizaci\u00f3n podr\u00e1 ceder sus datos a los siguientes destinatarios:<\/p>\n<p>\u2022 Jueces y Tribunales. <br \/>\u2022 Fuerzas y Cuerpos de Seguridad del Estado. <br \/>\u2022 Otras autoridades u organismos p\u00fablicos competentes, cuando el responsable tenga la obligaci\u00f3n legal de facilitar los datos personales. <br \/>\u2022 En su caso, a aquellos Encargados de Tratamiento que nos brinden servicios.<\/p>\n<h4><strong>8. TRANSFERENCIAS INTERNACIONALES DE DATOS<\/strong><\/h4>\n<p>La organizaci\u00f3n no realiza Transferencia Internacional de Datos alguna. En caso de que posteriormente fuera necesario realizar transferencias internacionales de datos, se verificar\u00e1 el grado de protecci\u00f3n del pa\u00eds de destino y se adoptar\u00e1n las garant\u00edas exigidas por la normativa. <\/p>\n<h5><strong>9. REDES SOCIALES<\/strong><\/h5>\n<p>Con la finalidad de hacerle part\u00edcipe de nuestra actividad, y de que pueda estar al tanto de nuestras novedades, le informamos de que ELECTRIC PABLOS, S.L tiene creado un perfil en las Redes Sociales. Todos los usuarios tienen la oportunidad de unirse a nuestras redes sociales o grupos. Sin embargo, debe tener en cuenta que, salvo que le solicitemos sus datos directamente (por ejemplo, mediante acciones de marketing, concursos, promociones, o cualquier otra forma v\u00e1lida), sus datos pertenecer\u00e1n a la Red Social correspondiente, por lo que le recomendamos que lea detenidamente sus condiciones de uso y pol\u00edticas de privacidad, as\u00ed como, se asegure de configurar sus preferencias en cuanto al tratamiento de los datos. A continuaci\u00f3n, detallamos el enlace a la pol\u00edtica de privacidad a las distintas Redes Sociales en las que tenemos presencia, para que pueda acceder en todo momento a las pol\u00edticas de privacidad y configurar su perfil para garantizar su privacidad: Facebook: <a href=\"https:\/\/es-es.facebook.com\/privacy\/policy\/?entry_point=facebook_page_footer\" target=\"_blank\" rel=\"noopener\">https:\/\/es-es.facebook.com\/privacy\/policy\/?entry_point=facebook_page_footer<\/a> Instagram: <a href=\"https:\/\/privacycenter.instagram.com\/\" target=\"_blank\" rel=\"noopener\">https:\/\/privacycenter.instagram.com\/<\/a>   <\/p>\n<h5><strong>10. DERECHOS<\/strong><\/h5>\n<p>Los interesados podr\u00e1n solicitar m\u00e1s informaci\u00f3n acerca del tratamiento de sus datos personales as\u00ed como ejercer en cualquier momento y, de forma gratuita, los derechos de acceso, rectificaci\u00f3n y supresi\u00f3n, as\u00ed como solicitar que se limite el tratamiento de sus datos personales, oponerse al mismo, solicitar la portabilidad de estos (siempre que sea t\u00e9cnicamente posible) o retirar el consentimiento prestado y, en su caso, a no ser objeto de una decisi\u00f3n basada \u00fanicamente en un tratamiento automatizado, incluido la elaboraci\u00f3n de perfiles. Para ello podr\u00e1 emplear los formularios habilitados por la organizaci\u00f3n, o bien dirigir un escrito a la direcci\u00f3n postal o correo electr\u00f3nico referenciados en el encabezamiento. A los efectos oportunos, le informamos que se le podr\u00e1 solicitar su DNI o cualquier otro documento an\u00e1logo, con la finalidad de acreditar su identidad, siempre que ello no pueda realizarse por otros medios menos intrusivos. En caso de que sienta vulnerados sus derechos en lo concerniente a la protecci\u00f3n de sus datos personales, especialmente cuando no haya obtenido satisfacci\u00f3n en el ejercicio de sus derechos, puede presentar una reclamaci\u00f3n ante la Autoridad de Control en materia de Protecci\u00f3n de Datos competente (Agencia Espa\u00f1ola de Protecci\u00f3n de Datos), a trav\u00e9s de su sitio web <a href=\"https:\/\/www.aepd.es\/\" target=\"_blank\" rel=\"noopener\">www.aepd.es<\/a>   <\/p>\n<h5><strong>11. VERACIDAD DE LOS DATOS<\/strong><\/h5>\n<p>El interesado garantiza que los datos aportados son verdaderos, exactos, completos y se encuentran actualizados; comprometi\u00e9ndose a informar de cualquier cambio respecto de los datos que aportara, por los canales habilitados al efecto e indicados en el punto uno de la presente pol\u00edtica. Ser\u00e1 responsable de cualquier da\u00f1o o perjuicio, tanto directo como indirecto, que pudiera ocasionar como consecuencia del incumplimiento de la presente obligaci\u00f3n. En el supuesto de que el usuario facilite datos de terceros, declara que cuenta con el consentimiento de los interesados y se compromete a trasladarle la informaci\u00f3n contenida en esta cl\u00e1usula, eximiendo a la organizaci\u00f3n de cualquier responsabilidad derivada por la falta de cumplimiento de la presente obligaci\u00f3n.  <\/p>\n<h5><strong>12. MODIFICACIONES Y ACTUALIZACI\u00d3N<\/strong><\/h5>\n<p>La presente pol\u00edtica de privacidad puede verse modificada\/actualizada en funci\u00f3n de las exigencias legales establecidas o con la finalidad de adaptar dicha pol\u00edtica a las instrucciones dictadas por la Agencia Espa\u00f1ola de Protecci\u00f3n de Datos, o a consecuencia de cambios en nuestro sitio web. Por esta raz\u00f3n, aconsejamos a los usuarios que visiten peri\u00f3dicamente nuestra pol\u00edtica de privacidad. Si tiene dudas acerca de esta pol\u00edtica, puede contactar con ELECTRIC PABLOS, S.L a trav\u00e9s de los formularios habilitados por la organizaci\u00f3n, o bien dirigir un escrito a la direcci\u00f3n postal o correo electr\u00f3nico referenciados en el encabezamiento.  <\/p>\n","protected":false},"excerpt":{"rendered":"<p>El objetivo de esta pol\u00edtica es informar a los interesados acerca de los distintos tratamientos realizados por esta organizaci\u00f3n mediante<\/p>\n","protected":false},"author":1,"featured_media":0,"parent":0,"menu_order":0,"comment_status":"closed","ping_status":"open","template":"","meta":{"_monsterinsights_skip_tracking":false,"_monsterinsights_sitenote_active":false,"_monsterinsights_sitenote_note":"","_monsterinsights_sitenote_category":0,"site-sidebar-layout":"default","site-content-layout":"","ast-site-content-layout":"default","site-content-style":"default","site-sidebar-style":"default","ast-global-header-display":"","ast-banner-title-visibility":"","ast-main-header-display":"","ast-hfb-above-header-display":"","ast-hfb-below-header-display":"","ast-hfb-mobile-header-display":"","site-post-title":"","ast-breadcrumbs-content":"","ast-featured-img":"","footer-sml-layout":"","ast-disable-related-posts":"","theme-transparent-header-meta":"default","adv-header-id-meta":"","stick-header-meta":"default","header-above-stick-meta":"","header-main-stick-meta":"","header-below-stick-meta":"","astra-migrate-meta-layouts":"default","ast-page-background-enabled":"default","ast-page-background-meta":{"desktop":{"background-color":"var(--ast-global-color-4)","background-image":"","background-repeat":"repeat","background-position":"center center","background-size":"auto","background-attachment":"scroll","background-type":"","background-media":"","overlay-type":"","overlay-color":"","overlay-opacity":"","overlay-gradient":""},"tablet":{"background-color":"","background-image":"","background-repeat":"repeat","background-position":"center center","background-size":"auto","background-attachment":"scroll","background-type":"","background-media":"","overlay-type":"","overlay-color":"","overlay-opacity":"","overlay-gradient":""},"mobile":{"background-color":"","background-image":"","background-repeat":"repeat","background-position":"center center","background-size":"auto","background-attachment":"scroll","background-type":"","background-media":"","overlay-type":"","overlay-color":"","overlay-opacity":"","overlay-gradient":""}},"ast-content-background-meta":{"desktop":{"background-color":"var(--ast-global-color-5)","background-image":"","background-repeat":"repeat","background-position":"center center","background-size":"auto","background-attachment":"scroll","background-type":"","background-media":"","overlay-type":"","overlay-color":"","overlay-opacity":"","overlay-gradient":""},"tablet":{"background-color":"var(--ast-global-color-5)","background-image":"","background-repeat":"repeat","background-position":"center center","background-size":"auto","background-attachment":"scroll","background-type":"","background-media":"","overlay-type":"","overlay-color":"","overlay-opacity":"","overlay-gradient":""},"mobile":{"background-color":"var(--ast-global-color-5)","background-image":"","background-repeat":"repeat","background-position":"center center","background-size":"auto","background-attachment":"scroll","background-type":"","background-media":"","overlay-type":"","overlay-color":"","overlay-opacity":"","overlay-gradient":""}},"footnotes":""},"class_list":["post-1681","page","type-page","status-publish","hentry"],"yoast_head":"<!-- This site is optimized with the Yoast SEO plugin v27.2 - https:\/\/yoast.com\/product\/yoast-seo-wordpress\/ -->\n<title>Pol\u00edtica de privacitat - Electric Pablos<\/title>\n<meta name=\"robots\" content=\"index, follow, max-snippet:-1, max-image-preview:large, max-video-preview:-1\" \/>\n<link rel=\"canonical\" href=\"https:\/\/electricpablos.com\/politica-de-privacitat\/\" \/>\n<meta property=\"og:locale\" content=\"ca_ES\" \/>\n<meta property=\"og:type\" content=\"article\" \/>\n<meta property=\"og:title\" content=\"Pol\u00edtica de privacitat - Electric Pablos\" \/>\n<meta property=\"og:description\" content=\"El objetivo de esta pol\u00edtica es informar a los interesados acerca de los distintos tratamientos realizados por esta organizaci\u00f3n mediante\" \/>\n<meta property=\"og:url\" content=\"https:\/\/electricpablos.com\/politica-de-privacitat\/\" \/>\n<meta property=\"og:site_name\" content=\"Electric Pablos\" \/>\n<meta property=\"article:publisher\" content=\"https:\/\/www.facebook.com\/electricpablos\" \/>\n<meta name=\"twitter:card\" content=\"summary_large_image\" \/>\n<meta name=\"twitter:label1\" content=\"Temps estimat de lectura\" \/>\n\t<meta name=\"twitter:data1\" content=\"9 minuts\" \/>\n<script type=\"application\/ld+json\" class=\"yoast-schema-graph\">{\"@context\":\"https:\/\/schema.org\",\"@graph\":[{\"@type\":\"WebPage\",\"@id\":\"https:\/\/electricpablos.com\/politica-de-privacitat\/\",\"url\":\"https:\/\/electricpablos.com\/politica-de-privacitat\/\",\"name\":\"Pol\u00edtica de privacitat - Electric Pablos\",\"isPartOf\":{\"@id\":\"https:\/\/electricpablos.com\/#website\"},\"datePublished\":\"2024-11-20T12:30:51+00:00\",\"breadcrumb\":{\"@id\":\"https:\/\/electricpablos.com\/politica-de-privacitat\/#breadcrumb\"},\"inLanguage\":\"ca\",\"potentialAction\":[{\"@type\":\"ReadAction\",\"target\":[\"https:\/\/electricpablos.com\/politica-de-privacitat\/\"]}]},{\"@type\":\"BreadcrumbList\",\"@id\":\"https:\/\/electricpablos.com\/politica-de-privacitat\/#breadcrumb\",\"itemListElement\":[{\"@type\":\"ListItem\",\"position\":1,\"name\":\"Portada\",\"item\":\"https:\/\/electricpablos.com\/ca\/\"},{\"@type\":\"ListItem\",\"position\":2,\"name\":\"Pol\u00edtica de privacitat\"}]},{\"@type\":\"WebSite\",\"@id\":\"https:\/\/electricpablos.com\/#website\",\"url\":\"https:\/\/electricpablos.com\/\",\"name\":\"Electric Pablos SL\",\"description\":\"\",\"publisher\":{\"@id\":\"https:\/\/electricpablos.com\/#organization\"},\"potentialAction\":[{\"@type\":\"SearchAction\",\"target\":{\"@type\":\"EntryPoint\",\"urlTemplate\":\"https:\/\/electricpablos.com\/?s={search_term_string}\"},\"query-input\":{\"@type\":\"PropertyValueSpecification\",\"valueRequired\":true,\"valueName\":\"search_term_string\"}}],\"inLanguage\":\"ca\"},{\"@type\":\"Organization\",\"@id\":\"https:\/\/electricpablos.com\/#organization\",\"name\":\"Electric Pablos SL\",\"url\":\"https:\/\/electricpablos.com\/\",\"logo\":{\"@type\":\"ImageObject\",\"inLanguage\":\"ca\",\"@id\":\"https:\/\/electricpablos.com\/#\/schema\/logo\/image\/\",\"url\":\"https:\/\/electricpablos.com\/wp-content\/uploads\/2024\/11\/logo.png\",\"contentUrl\":\"https:\/\/electricpablos.com\/wp-content\/uploads\/2024\/11\/logo.png\",\"width\":500,\"height\":370,\"caption\":\"Electric Pablos SL\"},\"image\":{\"@id\":\"https:\/\/electricpablos.com\/#\/schema\/logo\/image\/\"},\"sameAs\":[\"https:\/\/www.facebook.com\/electricpablos\",\"https:\/\/www.instagram.com\/electric_pablos_s.l\/\"]}]}<\/script>\n<!-- \/ Yoast SEO plugin. -->","yoast_head_json":{"title":"Pol\u00edtica de privacitat - Electric Pablos","robots":{"index":"index","follow":"follow","max-snippet":"max-snippet:-1","max-image-preview":"max-image-preview:large","max-video-preview":"max-video-preview:-1"},"canonical":"https:\/\/electricpablos.com\/politica-de-privacitat\/","og_locale":"ca_ES","og_type":"article","og_title":"Pol\u00edtica de privacitat - Electric Pablos","og_description":"El objetivo de esta pol\u00edtica es informar a los interesados acerca de los distintos tratamientos realizados por esta organizaci\u00f3n mediante","og_url":"https:\/\/electricpablos.com\/politica-de-privacitat\/","og_site_name":"Electric Pablos","article_publisher":"https:\/\/www.facebook.com\/electricpablos","twitter_card":"summary_large_image","twitter_misc":{"Temps estimat de lectura":"9 minuts"},"schema":{"@context":"https:\/\/schema.org","@graph":[{"@type":"WebPage","@id":"https:\/\/electricpablos.com\/politica-de-privacitat\/","url":"https:\/\/electricpablos.com\/politica-de-privacitat\/","name":"Pol\u00edtica de privacitat - Electric Pablos","isPartOf":{"@id":"https:\/\/electricpablos.com\/#website"},"datePublished":"2024-11-20T12:30:51+00:00","breadcrumb":{"@id":"https:\/\/electricpablos.com\/politica-de-privacitat\/#breadcrumb"},"inLanguage":"ca","potentialAction":[{"@type":"ReadAction","target":["https:\/\/electricpablos.com\/politica-de-privacitat\/"]}]},{"@type":"BreadcrumbList","@id":"https:\/\/electricpablos.com\/politica-de-privacitat\/#breadcrumb","itemListElement":[{"@type":"ListItem","position":1,"name":"Portada","item":"https:\/\/electricpablos.com\/ca\/"},{"@type":"ListItem","position":2,"name":"Pol\u00edtica de privacitat"}]},{"@type":"WebSite","@id":"https:\/\/electricpablos.com\/#website","url":"https:\/\/electricpablos.com\/","name":"Electric Pablos SL","description":"","publisher":{"@id":"https:\/\/electricpablos.com\/#organization"},"potentialAction":[{"@type":"SearchAction","target":{"@type":"EntryPoint","urlTemplate":"https:\/\/electricpablos.com\/?s={search_term_string}"},"query-input":{"@type":"PropertyValueSpecification","valueRequired":true,"valueName":"search_term_string"}}],"inLanguage":"ca"},{"@type":"Organization","@id":"https:\/\/electricpablos.com\/#organization","name":"Electric Pablos SL","url":"https:\/\/electricpablos.com\/","logo":{"@type":"ImageObject","inLanguage":"ca","@id":"https:\/\/electricpablos.com\/#\/schema\/logo\/image\/","url":"https:\/\/electricpablos.com\/wp-content\/uploads\/2024\/11\/logo.png","contentUrl":"https:\/\/electricpablos.com\/wp-content\/uploads\/2024\/11\/logo.png","width":500,"height":370,"caption":"Electric Pablos SL"},"image":{"@id":"https:\/\/electricpablos.com\/#\/schema\/logo\/image\/"},"sameAs":["https:\/\/www.facebook.com\/electricpablos","https:\/\/www.instagram.com\/electric_pablos_s.l\/"]}]}},"_links":{"self":[{"href":"https:\/\/electricpablos.com\/ca\/wp-json\/wp\/v2\/pages\/1681","targetHints":{"allow":["GET"]}}],"collection":[{"href":"https:\/\/electricpablos.com\/ca\/wp-json\/wp\/v2\/pages"}],"about":[{"href":"https:\/\/electricpablos.com\/ca\/wp-json\/wp\/v2\/types\/page"}],"author":[{"embeddable":true,"href":"https:\/\/electricpablos.com\/ca\/wp-json\/wp\/v2\/users\/1"}],"replies":[{"embeddable":true,"href":"https:\/\/electricpablos.com\/ca\/wp-json\/wp\/v2\/comments?post=1681"}],"version-history":[{"count":0,"href":"https:\/\/electricpablos.com\/ca\/wp-json\/wp\/v2\/pages\/1681\/revisions"}],"wp:attachment":[{"href":"https:\/\/electricpablos.com\/ca\/wp-json\/wp\/v2\/media?parent=1681"}],"curies":[{"name":"wp","href":"https:\/\/api.w.org\/{rel}","templated":true}]}}